

{"id":7532,"date":"2023-02-14T11:26:10","date_gmt":"2023-02-14T11:26:10","guid":{"rendered":"https:\/\/nuevaweb.infecar.es\/?page_id=7532"},"modified":"2023-07-05T07:25:37","modified_gmt":"2023-07-05T07:25:37","slug":"impulsamos-lo-que-nos-une","status":"publish","type":"page","link":"https:\/\/infecar.es\/en\/impulsamos-lo-que-nos-une\/","title":{"rendered":"Impulsamos lo que nos une"},"content":{"rendered":"\n<div class=\"wp-block-group landing-content\"><div class=\"wp-block-group__inner-container is-layout-constrained wp-block-group-is-layout-constrained\">\n<figure id=\"landing-1\" class=\"wp-block-video\"><video controls muted src=\"https:\/\/infecar.es\/wp-content\/uploads\/2023\/02\/OK_BRANDING_REEL_PRESENTACION_01-.mp4\" playsinline><\/video><\/figure>\n\n\n\n<div class=\"wp-block-columns landing-text is-layout-flex wp-container-core-columns-is-layout-9d6595d7 wp-block-columns-is-layout-flex\">\n<div class=\"wp-block-column is-layout-flow wp-block-column-is-layout-flow\">\n<h2 class=\"wp-block-heading\">Introducci\u00f3n<\/h2>\n<\/div>\n\n\n\n<div class=\"wp-block-column is-layout-flow wp-block-column-is-layout-flow\">\n<p>Tras 57 a\u00f1os de actividad y m\u00e1s de 30 a\u00f1os sin renovar la identidad corporativa, en Infecar identificamos la oportunidad de poner en valor el proceso de transformaci\u00f3n de nuestra organizaci\u00f3n. \u00bfC\u00f3mo lo conseguimos? A trav\u00e9s de la redefinici\u00f3n 360\u00ba de nuestra marca.&nbsp;<\/p>\n\n\n\n<p>Afrontamos una nueva estrategia que defini\u00f3 el posicionamiento y la personalidad de nuestra marca. As\u00ed, pudimos establecer una hoja de ruta que marc\u00f3 la direcci\u00f3n estrat\u00e9gica, visual y narrativa del recinto. Nos ayud\u00f3 a tomar decisiones acerca de la evoluci\u00f3n y transformaci\u00f3n de los espacios, productos y servicios que ofrecemos. Del mismo modo, defini\u00f3 los valores que mover\u00e1n a la cultura organizativa hacia el futuro y nos proporcion\u00f3 las bases para construir nuestra nueva identidad corporativa. Todo con un claro objetivo: mostrar la capacidad de Infecar como ecosistema de valor para Gran Canaria.<\/p>\n<\/div>\n<\/div>\n<\/div><\/div>\n\n\n\n<div class=\"wp-block-group landing-content\"><div class=\"wp-block-group__inner-container is-layout-constrained wp-block-group-is-layout-constrained\">\n<figure id=\"landing-2\" class=\"wp-block-video\"><video height=\"1080\" style=\"aspect-ratio: 1920 \/ 1080;\" width=\"1920\" controls loop muted src=\"https:\/\/infecar.es\/wp-content\/uploads\/2023\/02\/IMPULSAMOS_LO_QUE_NOS_UNE-1.mp4\" playsinline><\/video><\/figure>\n\n\n\n<div class=\"wp-block-columns landing-text is-layout-flex wp-container-core-columns-is-layout-9d6595d7 wp-block-columns-is-layout-flex\">\n<div class=\"wp-block-column is-layout-flow wp-block-column-is-layout-flow\">\n<h2 class=\"wp-block-heading\">Impulsamos lo que nos une<\/h2>\n<\/div>\n\n\n\n<div class=\"wp-block-column is-layout-flow wp-block-column-is-layout-flow\">\n<p><strong>Impulsamos lo que nos une<\/strong> sintetiza nuestro posicionamiento y establece el punto de partida de&nbsp; la narrativa de marca. Una narrativa renovada, con un argumento emocionante y una estructura consistente. Capaz de contener desde las lecturas m\u00e1s t\u00e1cticas, hasta las m\u00e1s profundas. A su vez, puede inspirar y trascender tanto hacia nuestro tejido local, como al exterior.<\/p>\n\n\n\n<p>Nos reposicionamos para convertirnos en un referente como <strong>espacio impulsor de experiencias. <\/strong>Un espacio que impulse el progreso, el conocimiento, la inspiraci\u00f3n, el momento y el bienestar que nos une.<\/p>\n<\/div>\n<\/div>\n<\/div><\/div>\n\n\n\n<div class=\"wp-block-group landing-content\"><div class=\"wp-block-group__inner-container is-layout-constrained wp-block-group-is-layout-constrained\">\n<figure class=\"wp-block-video\"><video height=\"1080\" style=\"aspect-ratio: 1920 \/ 1080;\" width=\"1920\" controls src=\"https:\/\/infecar.es\/wp-content\/uploads\/2023\/02\/IDENTIDAD_VISUAL-1.mp4\" playsinline><\/video><\/figure>\n\n\n\n<div class=\"wp-block-columns landing-text is-layout-flex wp-container-core-columns-is-layout-9d6595d7 wp-block-columns-is-layout-flex\">\n<div class=\"wp-block-column is-layout-flow wp-block-column-is-layout-flow\">\n<h2 class=\"wp-block-heading\">Identidad visual<\/h2>\n<\/div>\n\n\n\n<div class=\"wp-block-column is-layout-flow wp-block-column-is-layout-flow\">\n<h3 class=\"wp-block-heading\">Todo comienza con un movimiento, un impulso<\/h3>\n\n\n\n<p>Un impulso. Un movimiento, y un sinf\u00edn de posibilidades. Hay movimiento en el viento, las mareas, la econom\u00eda, las personas. Por eso estamos cambiando, porque el movimiento es parte de nuestra naturaleza, es la raz\u00f3n que nos impulsa a progresar.<\/p>\n\n\n\n<p>Un concepto que est\u00e1 presente en todo lo que hacemos, y del que surge cada elemento de nuestro sistema de marca. Su m\u00ednima expresi\u00f3n se representa a trav\u00e9s del cuadrado.&nbsp; Generamos as\u00ed un sistema coherente, expresivo, flexible y din\u00e1mico con un universo visual atractivo y lleno de posibilidades.<\/p>\n<\/div>\n<\/div>\n<\/div><\/div>\n\n\n\n<div class=\"wp-block-group landing-content\"><div class=\"wp-block-group__inner-container is-layout-constrained wp-block-group-is-layout-constrained\">\n<figure class=\"wp-block-video\"><video height=\"1080\" style=\"aspect-ratio: 1920 \/ 1080;\" width=\"1920\" controls src=\"https:\/\/infecar.es\/wp-content\/uploads\/2023\/02\/LOGOTIPO-1.mp4\" playsinline><\/video><\/figure>\n\n\n\n<div class=\"wp-block-columns landing-text is-layout-flex wp-container-core-columns-is-layout-9d6595d7 wp-block-columns-is-layout-flex\">\n<div class=\"wp-block-column is-layout-flow wp-block-column-is-layout-flow\">\n<h2 class=\"wp-block-heading\">Logotipo<\/h2>\n<\/div>\n\n\n\n<div class=\"wp-block-column is-layout-flow wp-block-column-is-layout-flow\">\n<h3 class=\"wp-block-heading\">Nuestro logotipo evoluciona<\/h3>\n\n\n\n<p>Ahora es un wordmark que se presenta de forma sint\u00e9tica, plana y contempor\u00e1nea. Capaz de reflejar de manera coherente todos los significados definidos para mostrarse en un contexto nacional e internacional. El punto de la i, refleja el impulso, el movimiento donde todo ocurre. Tambi\u00e9n puede ir acompa\u00f1ado de nuestro nuevo descriptor, Feria de Gran Canaria. Con actitud digital, apto para adaptarse a cualquier escala y formato.<\/p>\n<\/div>\n<\/div>\n<\/div><\/div>\n\n\n\n<div class=\"wp-block-group landing-content\"><div class=\"wp-block-group__inner-container is-layout-constrained wp-block-group-is-layout-constrained\">\n<figure class=\"wp-block-video\"><video height=\"1080\" style=\"aspect-ratio: 1920 \/ 1080;\" width=\"1920\" controls src=\"https:\/\/infecar.es\/wp-content\/uploads\/2023\/02\/COLORES-1.mp4\" playsinline><\/video><\/figure>\n\n\n\n<div class=\"wp-block-columns landing-text is-layout-flex wp-container-core-columns-is-layout-9d6595d7 wp-block-columns-is-layout-flex\">\n<div class=\"wp-block-column is-layout-flow wp-block-column-is-layout-flow\">\n<h2 class=\"wp-block-heading\">Colores<\/h2>\n<\/div>\n\n\n\n<div class=\"wp-block-column is-layout-flow wp-block-column-is-layout-flow\">\n<h3 class=\"wp-block-heading\">Encontramos el equilibrio perfecto en nuestra paleta de colores<\/h3>\n\n\n\n<p>Como colores principales, el blanco y el negro muestran nuestro lado m\u00e1s especialista y elegante.&nbsp; Mientras que el verde Infecar refleja nuestra parte m\u00e1s en\u00e9rgica y vibrante.&nbsp; Del mismo modo, nuestra paleta de colores secundaria aporta orden, coherencia y dinamismo.<\/p>\n<\/div>\n<\/div>\n<\/div><\/div>\n\n\n\n<div class=\"wp-block-group landing-content\"><div class=\"wp-block-group__inner-container is-layout-constrained wp-block-group-is-layout-constrained\">\n<figure class=\"wp-block-video\"><video height=\"1080\" style=\"aspect-ratio: 1920 \/ 1080;\" width=\"1920\" controls src=\"https:\/\/infecar.es\/wp-content\/uploads\/2023\/02\/TIPOGRAFIA-1.mp4\" playsinline><\/video><\/figure>\n\n\n\n<div class=\"wp-block-columns landing-text is-layout-flex wp-container-core-columns-is-layout-9d6595d7 wp-block-columns-is-layout-flex\">\n<div class=\"wp-block-column is-layout-flow wp-block-column-is-layout-flow\">\n<h2 class=\"wp-block-heading\">Tipograf\u00eda<\/h2>\n<\/div>\n\n\n\n<div class=\"wp-block-column is-layout-flow wp-block-column-is-layout-flow\">\n<h3 class=\"wp-block-heading\">Proyectamos nuestra personalidad sin im\u00e1genes<\/h3>\n\n\n\n<p>Nuestra tipograf\u00eda destaca por su apariencia actual, con remates disruptivos y perpendiculares. Nos diferencia y nos hace reconocibles. Cuando queremos darte un poco m\u00e1s de informaci\u00f3n usamos la secundaria, m\u00e1s geom\u00e9trica, formal y atemporal. Juntas, nos proporcionan una personalidad \u00fanica, que anticipa nuestro tono de voz y todo lo que tenemos por decir.<\/p>\n<\/div>\n<\/div>\n<\/div><\/div>\n\n\n\n<div class=\"wp-block-group landing-content\"><div class=\"wp-block-group__inner-container is-layout-constrained wp-block-group-is-layout-constrained\">\n<figure class=\"wp-block-video\"><video controls src=\"http:\/\/infecar.es\/wp-content\/uploads\/2023\/02\/LAYOUT.mp4\" playsinline><\/video><\/figure>\n\n\n\n<div class=\"wp-block-columns landing-text is-layout-flex wp-container-core-columns-is-layout-9d6595d7 wp-block-columns-is-layout-flex\">\n<div class=\"wp-block-column is-layout-flow wp-block-column-is-layout-flow\">\n<h2 class=\"wp-block-heading\">Layout<\/h2>\n<\/div>\n\n\n\n<div class=\"wp-block-column is-layout-flow wp-block-column-is-layout-flow\">\n<h3 class=\"wp-block-heading\">Espacios en movimiento, sin limitaciones<\/h3>\n\n\n\n<p>Dise\u00f1amos y organizamos la informaci\u00f3n siguiendo un patr\u00f3n modular, asim\u00e9trico y flexible.&nbsp;<\/p>\n\n\n\n<p>Una ret\u00edcula que crece o decrece proporcionalmente adapt\u00e1ndose a las necesidades de cada soporte, creando armon\u00eda con otros elementos del sistema de marca. As\u00ed, reflejamos de forma visual la flexibilidad y adaptabilidad de nuestros espacios.<\/p>\n<\/div>\n<\/div>\n<\/div><\/div>\n\n\n\n<div class=\"wp-block-group landing-content\"><div class=\"wp-block-group__inner-container is-layout-constrained wp-block-group-is-layout-constrained\">\n<figure class=\"wp-block-video\"><video height=\"1080\" style=\"aspect-ratio: 1920 \/ 1080;\" width=\"1920\" controls src=\"https:\/\/infecar.es\/wp-content\/uploads\/2023\/02\/ARQUITECTURA-1.mp4\" playsinline><\/video><\/figure>\n\n\n\n<div class=\"wp-block-columns landing-text is-layout-flex wp-container-core-columns-is-layout-9d6595d7 wp-block-columns-is-layout-flex\">\n<div class=\"wp-block-column is-layout-flow wp-block-column-is-layout-flow\">\n<h2 class=\"wp-block-heading\">Arquitectura de marca<\/h2>\n<\/div>\n\n\n\n<div class=\"wp-block-column is-layout-flow wp-block-column-is-layout-flow\">\n<h3 class=\"wp-block-heading\">Organizamos nuestra actividad<\/h3>\n\n\n\n<p>Creamos una nueva arquitectura de marca para poder explicar todo lo que ocurre en nuestros espacios de una forma clara y sencilla. Un modelo de arquitectura monol\u00edtico, en el que la marca matriz a\u00fana nuestras cuatro submarcas, que nos ayudan a ordenar y explicar los servicios y productos que ofrecemos.<\/p>\n<\/div>\n<\/div>\n<\/div><\/div>\n\n\n\n<div class=\"wp-block-group landing-content\"><div class=\"wp-block-group__inner-container is-layout-constrained wp-block-group-is-layout-constrained\">\n<figure class=\"wp-block-video\"><video height=\"1080\" style=\"aspect-ratio: 1920 \/ 1080;\" width=\"1920\" controls src=\"https:\/\/infecar.es\/wp-content\/uploads\/2023\/02\/ICONOGRAFIA-1.mp4\" playsinline><\/video><\/figure>\n\n\n\n<div class=\"wp-block-columns landing-text is-layout-flex wp-container-core-columns-is-layout-9d6595d7 wp-block-columns-is-layout-flex\">\n<div class=\"wp-block-column is-layout-flow wp-block-column-is-layout-flow\">\n<h2 class=\"wp-block-heading\">Iconograf\u00eda<\/h2>\n<\/div>\n\n\n\n<div class=\"wp-block-column is-layout-flow wp-block-column-is-layout-flow\">\n<h3 class=\"wp-block-heading\">Nuestra biblioteca de iconos<\/h3>\n\n\n\n<p>Nuestro sistema de iconos parte de la selecci\u00f3n de determinadas formas del logotipo de Infecar. A trav\u00e9s de l\u00edneas minimalistas, creamos una amplia biblioteca de iconos que dan vida a nuestra marca. Nos aportan flexibilidad, dotando de libertad expresiva a todo el sistema.<\/p>\n<\/div>\n<\/div>\n<\/div><\/div>\n\n\n\n<div class=\"wp-block-group landing-content\"><div class=\"wp-block-group__inner-container is-layout-constrained wp-block-group-is-layout-constrained\">\n<figure class=\"wp-block-video\"><video height=\"1080\" style=\"aspect-ratio: 1920 \/ 1080;\" width=\"1920\" controls src=\"https:\/\/infecar.es\/wp-content\/uploads\/2023\/02\/OK_LOGO_ANIMACION_NEGATIVO-1.mp4\" playsinline><\/video><\/figure>\n\n\n\n<div class=\"wp-block-columns landing-text is-layout-flex wp-container-core-columns-is-layout-9d6595d7 wp-block-columns-is-layout-flex\">\n<div class=\"wp-block-column is-layout-flow wp-block-column-is-layout-flow\">\n<h2 class=\"wp-block-heading\">Sonic branding<\/h2>\n<\/div>\n\n\n\n<div class=\"wp-block-column is-layout-flow wp-block-column-is-layout-flow\">\n<h3 class=\"wp-block-heading\">Creamos un sonido propio y reconocible<\/h3>\n\n\n\n<p>A nivel sonoro, el objetivo ha sido dotar a Infecar de una identidad tan reconocible, contempor\u00e1nea e inspiradora como el resto de los elementos que conforman nuestra nueva identidad corporativa. Para ello, se ha construido un sistema sonoro flexible, basado en el uso de melod\u00edas emotivas y atm\u00f3sferas expansivas, combinadas con ritmos en\u00e9rgicos para aportar solidez y dinamismo cuando ha sido necesario. Estos elementos han permitido crear un universo sonoro sofisticado y moderno, manteniendo una elegancia y atemporalidad necesaria para representar a una instituci\u00f3n como la nuestra.<\/p>\n\n\n\n<p>El audio logo toma inspiraci\u00f3n de la melod\u00eda Infecar y la m\u00fasica creada para el spot. Supone toda una declaraci\u00f3n de intenciones y una clara apuesta por los valores de la marca, con dos notas descendentes en tono menor que resuelven en un acorde mayor expansivo, inspirador y optimista. La contraposici\u00f3n emotiva entre las notas menores y el acorde final mayor aporta dos emociones distintas en tan solo 8 segundos, ayudando a que la conexi\u00f3n emocional y sensaci\u00f3n final del audio logo sea profunda y memorable.<\/p>\n<\/div>\n<\/div>\n<\/div><\/div>\n\n\n\n<div class=\"wp-block-group landing-content\"><div class=\"wp-block-group__inner-container is-layout-constrained wp-block-group-is-layout-constrained\">\n<figure class=\"wp-block-video\"><video controls src=\"http:\/\/infecar.es\/wp-content\/uploads\/2023\/02\/BRAND_UNIVERSE.mp4\" playsinline><\/video><\/figure>\n\n\n\n<div class=\"wp-block-columns landing-text is-layout-flex wp-container-core-columns-is-layout-9d6595d7 wp-block-columns-is-layout-flex\">\n<div class=\"wp-block-column is-layout-flow wp-block-column-is-layout-flow\">\n<h2 class=\"wp-block-heading\">Brand Universe o&nbsp; Sistema de marca<\/h2>\n<\/div>\n\n\n\n<div class=\"wp-block-column is-layout-flow wp-block-column-is-layout-flow\">\n<h3 class=\"wp-block-heading\">Damos vida a nuestra marca<\/h3>\n\n\n\n<p>El resultado es una marca contempor\u00e1nea con impacto local y alcance global, capaz de trascender. Conformada por c\u00f3digos conceptuales, formales, relevantes y aspiracionales. Una propuesta ilusionante y movilizadora para la gente de Gran Canaria. Una marca moderna, din\u00e1mica, flexible y \u00fatil. Todo lo que nos hac\u00eda falta para convertir a Infecar en un espacio impulsor de experiencias.&nbsp;<\/p>\n<\/div>\n<\/div>\n<\/div><\/div>\n","protected":false},"excerpt":{"rendered":"<p>Introducci\u00f3n Tras 57 a\u00f1os de actividad y m\u00e1s de 30 a\u00f1os sin renovar la identidad corporativa, en Infecar identificamos la oportunidad de poner en valor el proceso de transformaci\u00f3n de nuestra organizaci\u00f3n. \u00bfC\u00f3mo lo conseguimos? A trav\u00e9s de la redefinici\u00f3n 360\u00ba de nuestra marca.&nbsp; Afrontamos una nueva estrategia que defini\u00f3 el posicionamiento y la personalidad [&hellip;]<\/p>\n","protected":false},"author":1,"featured_media":0,"parent":0,"menu_order":0,"comment_status":"closed","ping_status":"closed","template":"page-templates\/page-landing.php","meta":{"_acf_changed":false,"om_disable_all_campaigns":false,"_monsterinsights_skip_tracking":false,"_monsterinsights_sitenote_active":false,"_monsterinsights_sitenote_note":"","_monsterinsights_sitenote_category":0,"_uf_show_specific_survey":0,"_uf_disable_surveys":false,"_joinchat":[],"footnotes":""},"class_list":["post-7532","page","type-page","status-publish","hentry"],"acf":false,"aioseo_notices":[],"yoast_head":"<!-- This site is optimized with the Yoast SEO plugin v26.7 - https:\/\/yoast.com\/wordpress\/plugins\/seo\/ -->\n<title>Impulsamos lo que nos une - Infecar<\/title>\n<meta name=\"robots\" content=\"index, follow, max-snippet:-1, max-image-preview:large, max-video-preview:-1\" \/>\n<link rel=\"canonical\" href=\"http:\/\/infecar.es\/impulsamos-lo-que-nos-une\/\" \/>\n<meta property=\"og:locale\" content=\"en_US\" \/>\n<meta property=\"og:type\" content=\"article\" \/>\n<meta property=\"og:title\" content=\"Impulsamos lo que nos une - Infecar\" \/>\n<meta property=\"og:description\" content=\"Introducci\u00f3n Tras 57 a\u00f1os de actividad y m\u00e1s de 30 a\u00f1os sin renovar la identidad corporativa, en Infecar identificamos la oportunidad de poner en valor el proceso de transformaci\u00f3n de nuestra organizaci\u00f3n. \u00bfC\u00f3mo lo conseguimos? A trav\u00e9s de la redefinici\u00f3n 360\u00ba de nuestra marca.&nbsp; Afrontamos una nueva estrategia que defini\u00f3 el posicionamiento y la personalidad [&hellip;]\" \/>\n<meta property=\"og:url\" content=\"http:\/\/infecar.es\/impulsamos-lo-que-nos-une\/\" \/>\n<meta property=\"og:site_name\" content=\"Infecar\" \/>\n<meta property=\"article:modified_time\" content=\"2023-07-05T07:25:37+00:00\" \/>\n<meta name=\"twitter:card\" content=\"summary_large_image\" \/>\n<meta name=\"twitter:label1\" content=\"Est. reading time\" \/>\n\t<meta name=\"twitter:data1\" content=\"5 minutes\" \/>\n<script type=\"application\/ld+json\" class=\"yoast-schema-graph\">{\"@context\":\"https:\/\/schema.org\",\"@graph\":[{\"@type\":\"WebPage\",\"@id\":\"http:\/\/infecar.es\/impulsamos-lo-que-nos-une\/\",\"url\":\"http:\/\/infecar.es\/impulsamos-lo-que-nos-une\/\",\"name\":\"Impulsamos lo que nos une - Infecar\",\"isPartOf\":{\"@id\":\"https:\/\/infecar.es\/en\/#website\"},\"datePublished\":\"2023-02-14T11:26:10+00:00\",\"dateModified\":\"2023-07-05T07:25:37+00:00\",\"breadcrumb\":{\"@id\":\"http:\/\/infecar.es\/impulsamos-lo-que-nos-une\/#breadcrumb\"},\"inLanguage\":\"en-US\",\"potentialAction\":[{\"@type\":\"ReadAction\",\"target\":[\"http:\/\/infecar.es\/impulsamos-lo-que-nos-une\/\"]}]},{\"@type\":\"BreadcrumbList\",\"@id\":\"http:\/\/infecar.es\/impulsamos-lo-que-nos-une\/#breadcrumb\",\"itemListElement\":[{\"@type\":\"ListItem\",\"position\":1,\"name\":\"Portada\",\"item\":\"https:\/\/infecar.es\/en\/\"},{\"@type\":\"ListItem\",\"position\":2,\"name\":\"Impulsamos lo que nos une\"}]},{\"@type\":\"WebSite\",\"@id\":\"https:\/\/infecar.es\/en\/#website\",\"url\":\"https:\/\/infecar.es\/en\/\",\"name\":\"Infecar\",\"description\":\"Feria de Gran Canaria\",\"publisher\":{\"@id\":\"https:\/\/infecar.es\/en\/#organization\"},\"potentialAction\":[{\"@type\":\"SearchAction\",\"target\":{\"@type\":\"EntryPoint\",\"urlTemplate\":\"https:\/\/infecar.es\/en\/?s={search_term_string}\"},\"query-input\":{\"@type\":\"PropertyValueSpecification\",\"valueRequired\":true,\"valueName\":\"search_term_string\"}}],\"inLanguage\":\"en-US\"},{\"@type\":\"Organization\",\"@id\":\"https:\/\/infecar.es\/en\/#organization\",\"name\":\"Infecar\",\"url\":\"https:\/\/infecar.es\/en\/\",\"logo\":{\"@type\":\"ImageObject\",\"inLanguage\":\"en-US\",\"@id\":\"https:\/\/infecar.es\/en\/#\/schema\/logo\/image\/\",\"url\":\"https:\/\/infecar.es\/wp-content\/uploads\/2023\/02\/logo_black.svg\",\"contentUrl\":\"https:\/\/infecar.es\/wp-content\/uploads\/2023\/02\/logo_black.svg\",\"width\":1,\"height\":1,\"caption\":\"Infecar\"},\"image\":{\"@id\":\"https:\/\/infecar.es\/en\/#\/schema\/logo\/image\/\"}}]}<\/script>\n<!-- \/ Yoast SEO plugin. -->","yoast_head_json":{"title":"Impulsamos lo que nos une - Infecar","robots":{"index":"index","follow":"follow","max-snippet":"max-snippet:-1","max-image-preview":"max-image-preview:large","max-video-preview":"max-video-preview:-1"},"canonical":"http:\/\/infecar.es\/impulsamos-lo-que-nos-une\/","og_locale":"en_US","og_type":"article","og_title":"Impulsamos lo que nos une - Infecar","og_description":"Introducci\u00f3n Tras 57 a\u00f1os de actividad y m\u00e1s de 30 a\u00f1os sin renovar la identidad corporativa, en Infecar identificamos la oportunidad de poner en valor el proceso de transformaci\u00f3n de nuestra organizaci\u00f3n. \u00bfC\u00f3mo lo conseguimos? A trav\u00e9s de la redefinici\u00f3n 360\u00ba de nuestra marca.&nbsp; Afrontamos una nueva estrategia que defini\u00f3 el posicionamiento y la personalidad [&hellip;]","og_url":"http:\/\/infecar.es\/impulsamos-lo-que-nos-une\/","og_site_name":"Infecar","article_modified_time":"2023-07-05T07:25:37+00:00","twitter_card":"summary_large_image","twitter_misc":{"Est. reading time":"5 minutes"},"schema":{"@context":"https:\/\/schema.org","@graph":[{"@type":"WebPage","@id":"http:\/\/infecar.es\/impulsamos-lo-que-nos-une\/","url":"http:\/\/infecar.es\/impulsamos-lo-que-nos-une\/","name":"Impulsamos lo que nos une - Infecar","isPartOf":{"@id":"https:\/\/infecar.es\/en\/#website"},"datePublished":"2023-02-14T11:26:10+00:00","dateModified":"2023-07-05T07:25:37+00:00","breadcrumb":{"@id":"http:\/\/infecar.es\/impulsamos-lo-que-nos-une\/#breadcrumb"},"inLanguage":"en-US","potentialAction":[{"@type":"ReadAction","target":["http:\/\/infecar.es\/impulsamos-lo-que-nos-une\/"]}]},{"@type":"BreadcrumbList","@id":"http:\/\/infecar.es\/impulsamos-lo-que-nos-une\/#breadcrumb","itemListElement":[{"@type":"ListItem","position":1,"name":"Portada","item":"https:\/\/infecar.es\/en\/"},{"@type":"ListItem","position":2,"name":"Impulsamos lo que nos une"}]},{"@type":"WebSite","@id":"https:\/\/infecar.es\/en\/#website","url":"https:\/\/infecar.es\/en\/","name":"Infecar","description":"Feria de Gran Canaria","publisher":{"@id":"https:\/\/infecar.es\/en\/#organization"},"potentialAction":[{"@type":"SearchAction","target":{"@type":"EntryPoint","urlTemplate":"https:\/\/infecar.es\/en\/?s={search_term_string}"},"query-input":{"@type":"PropertyValueSpecification","valueRequired":true,"valueName":"search_term_string"}}],"inLanguage":"en-US"},{"@type":"Organization","@id":"https:\/\/infecar.es\/en\/#organization","name":"Infecar","url":"https:\/\/infecar.es\/en\/","logo":{"@type":"ImageObject","inLanguage":"en-US","@id":"https:\/\/infecar.es\/en\/#\/schema\/logo\/image\/","url":"https:\/\/infecar.es\/wp-content\/uploads\/2023\/02\/logo_black.svg","contentUrl":"https:\/\/infecar.es\/wp-content\/uploads\/2023\/02\/logo_black.svg","width":1,"height":1,"caption":"Infecar"},"image":{"@id":"https:\/\/infecar.es\/en\/#\/schema\/logo\/image\/"}}]}},"_links":{"self":[{"href":"https:\/\/infecar.es\/en\/wp-json\/wp\/v2\/pages\/7532","targetHints":{"allow":["GET"]}}],"collection":[{"href":"https:\/\/infecar.es\/en\/wp-json\/wp\/v2\/pages"}],"about":[{"href":"https:\/\/infecar.es\/en\/wp-json\/wp\/v2\/types\/page"}],"author":[{"embeddable":true,"href":"https:\/\/infecar.es\/en\/wp-json\/wp\/v2\/users\/1"}],"replies":[{"embeddable":true,"href":"https:\/\/infecar.es\/en\/wp-json\/wp\/v2\/comments?post=7532"}],"version-history":[{"count":21,"href":"https:\/\/infecar.es\/en\/wp-json\/wp\/v2\/pages\/7532\/revisions"}],"predecessor-version":[{"id":9097,"href":"https:\/\/infecar.es\/en\/wp-json\/wp\/v2\/pages\/7532\/revisions\/9097"}],"wp:attachment":[{"href":"https:\/\/infecar.es\/en\/wp-json\/wp\/v2\/media?parent=7532"}],"curies":[{"name":"wp","href":"https:\/\/api.w.org\/{rel}","templated":true}]}}