

{"id":6887,"date":"2023-01-27T11:13:28","date_gmt":"2023-01-27T11:13:28","guid":{"rendered":"https:\/\/infecar.es\/?page_id=6887"},"modified":"2023-02-09T16:23:39","modified_gmt":"2023-02-09T16:23:39","slug":"economic-financial","status":"publish","type":"page","link":"https:\/\/infecar.es\/en\/transparency\/economic-financial\/","title":{"rendered":"ECONOMIC-FINANCIAL"},"content":{"rendered":"\n<p>In this section the budgetary and accounting information of the entity is exposed.<\/p>\n\n\n\n<p>ANNUITY BALANCE 2021:\u00a0\u00a0<\/p>\n\n\n\n<figure class=\"wp-block-table is-style-stripes\"><table><tbody><tr><td>ANNUITY BALANCE<\/td><td>&nbsp;<\/td><td>&nbsp;<\/td><\/tr><tr><td>Title<\/td><td>Import<\/td><td>Total<\/td><\/tr><tr><td>ACTIVO NO CORRIENTE<\/td><td>&nbsp;<\/td><td>7.281.832,53<\/td><\/tr><tr><td>PROPIEDAD INDUSTRIAL<\/td><td>60.848,18<\/td><td>&nbsp;<\/td><\/tr><tr><td>APLICACIONES INFORM\u00c1TICAS<\/td><td>156.486,45<\/td><td>&nbsp;<\/td><\/tr><tr><td>DRCHO.S\/BIENES DOM PUBL.SIN CONT<\/td><td>10.219.895,04<\/td><td>&nbsp;<\/td><\/tr><tr><td>TERRENOS Y BIENES NATURALES<\/td><td>24.456,47<\/td><td>&nbsp;<\/td><\/tr><tr><td>CONSTRUCCIONES<\/td><td>53.419,73<\/td><td>&nbsp;<\/td><\/tr><tr><td>MAQUINARIA<\/td><td>135.957,69<\/td><td>&nbsp;<\/td><\/tr><tr><td>UTILLAJE<\/td><td>30.598,95<\/td><td>&nbsp;<\/td><\/tr><tr><td>OTRAS INSTALACIONES<\/td><td>421.815,26<\/td><td>&nbsp;<\/td><\/tr><tr><td>MOBILIARIO<\/td><td>1.415.411,44<\/td><td>&nbsp;<\/td><\/tr><tr><td>EQUIPOS PARA PROCESOS INFORMACI\u00d3<\/td><td>431.426,85<\/td><td>&nbsp;<\/td><\/tr><tr><td>ELEMENTOS DE TRANSPORTE<\/td><td>58.631,82<\/td><td>&nbsp;<\/td><\/tr><tr><td>OTRO INMOVILIZADO MATERIAL<\/td><td>675.273,74<\/td><td>&nbsp;<\/td><\/tr><tr><td>CONSTRUCCIONES EN CURSO<\/td><td>284.723,84<\/td><td>&nbsp;<\/td><\/tr><tr><td>EQUIP PROC INFORMACION EN MONTAJ<\/td><td>12.775,00<\/td><td>&nbsp;<\/td><\/tr><tr><td>CR\u00c9DITOS A L.P.AL PERSONAL<\/td><td>5.731,25<\/td><td>&nbsp;<\/td><\/tr><tr><td>FIANZAS CONSTITUIDAS A L.P.<\/td><td>1.352,31<\/td><td>&nbsp;<\/td><\/tr><tr><td>AMORT.ACUM.INMOVILIZADO INMATERI<\/td><td>-4.226.897,72<\/td><td>&nbsp;<\/td><\/tr><tr><td>AMOR.ACU.DE INMOVILIZAD MATERIAL<\/td><td>-2.480.073,77<\/td><td>&nbsp;<\/td><\/tr><tr><td>&nbsp;<\/td><td>&nbsp;<\/td><td>&nbsp;<\/td><\/tr><tr><td>ACREEDORES, DEUDORES<\/td><td>&nbsp;<\/td><td>246.509,39<\/td><\/tr><tr><td>ANTICIPOS A ACREEDORES<\/td><td>12.790,52<\/td><td>&nbsp;<\/td><\/tr><tr><td>CLIENTES<\/td><td>102.980,57<\/td><td>&nbsp;<\/td><\/tr><tr><td>CLIENTES DE DUDOSO COBRO<\/td><td>344.081,23<\/td><td>&nbsp;<\/td><\/tr><tr><td>DEUDORES<\/td><td>12.236,08<\/td><td>&nbsp;<\/td><\/tr><tr><td>ENTREGAS PARA GASTOS A JUSTIFICA<\/td><td>1.061,19<\/td><td>&nbsp;<\/td><\/tr><tr><td>H.P.DEUDOR POR DIVERSOS CONCEPTO<\/td><td>107.692,77<\/td><td>&nbsp;<\/td><\/tr><tr><td>GTOS.ANTICIPADOS<\/td><td>29.949,29<\/td><td>&nbsp;<\/td><\/tr><tr><td>DETERIORO VALOR CR\u00c9D OPER COMERC<\/td><td>-344.081,23<\/td><td>&nbsp;<\/td><\/tr><tr><td>PROV. POR OPERACIONES COMERCIALE<\/td><td>-20.201,03<\/td><td>&nbsp;<\/td><\/tr><tr><td>&nbsp;<\/td><td>&nbsp;<\/td><td>&nbsp;<\/td><\/tr><tr><td>CUENTAS FINANCIERAS<\/td><td>&nbsp;<\/td><td>3.329.408,78<\/td><\/tr><tr><td>CR\u00c9DITOS C.P. AL PERSONAL<\/td><td>16.778,16<\/td><td>&nbsp;<\/td><\/tr><tr><td>FIANZAS CONSTITUIDAS A CORTO PLA<\/td><td>1.900,00<\/td><td>&nbsp;<\/td><\/tr><tr><td>CAJA, EUROS<\/td><td>5.239,97<\/td><td>&nbsp;<\/td><\/tr><tr><td>BANCOS C\/C VISTA, EUROS<\/td><td>3.305.490,65<\/td><td>&nbsp;<\/td><\/tr><tr><td>&nbsp;<\/td><td>&nbsp;<\/td><td>&nbsp;<\/td><\/tr><tr><td>&nbsp;<\/td><td>10.857.750,70<\/td><td>10.857.750,70<\/td><\/tr><tr><td>&nbsp;<\/td><td>&nbsp;<\/td><td>&nbsp;<\/td><\/tr><tr><td>FINANCIACI\u00d3N B\u00c1SICA<\/td><td>&nbsp;<\/td><td>7.918.946,92<\/td><\/tr><tr><td>APORTACIONES SOCIALES<\/td><td>900.000,00<\/td><td>&nbsp;<\/td><\/tr><tr><td>RESULTADOS NEGAT.DE EJERC.ANTERI<\/td><td>-833.493,99<\/td><td>&nbsp;<\/td><\/tr><tr><td>RESULTADOS DEL EJERCICIO<\/td><td>271.227,73<\/td><td>&nbsp;<\/td><\/tr><tr><td>SUBVENCIONES OFICIALES CAPITAL<\/td><td>7.321.042,74<\/td><td>&nbsp;<\/td><\/tr><tr><td>PROVISI\u00d3N RETIBUCIONES L.P. PERS<\/td><td>237.610,02<\/td><td>&nbsp;<\/td><\/tr><tr><td>PROVISI\u00d3N OTRAS RESPONSABILIDAD<\/td><td>8.085,80<\/td><td>&nbsp;<\/td><\/tr><tr><td>AYUDAS SOCIALES C.C<\/td><td>1.915,87<\/td><td>&nbsp;<\/td><\/tr><tr><td>FIANZAS RECIBIDAS A LP<\/td><td>12.558,75<\/td><td>&nbsp;<\/td><\/tr><tr><td>&nbsp;<\/td><td>&nbsp;<\/td><td>&nbsp;<\/td><\/tr><tr><td>ACREEDORES, DEUDORES<\/td><td>&nbsp;<\/td><td>1.069.652,23<\/td><\/tr><tr><td>ACREED POR PRESTACIONES SERVIC<\/td><td>652.509,33<\/td><td>&nbsp;<\/td><\/tr><tr><td>ANTICIPOS DE CLIENTES<\/td><td>32,11<\/td><td>&nbsp;<\/td><\/tr><tr><td>REMUNERACIONES PDTES.DE PAGO<\/td><td>3.284,17<\/td><td>&nbsp;<\/td><\/tr><tr><td>H.P.ACREEDOR,CONCEPTOS FISCALES<\/td><td>370.837,32<\/td><td>&nbsp;<\/td><\/tr><tr><td>ORGANISMOS SEG.SOCIAL,ACREEDORES<\/td><td>42.989,29<\/td><td>&nbsp;<\/td><\/tr><tr><td>H.P.IVA REPERCUTIDO<\/td><td>0,01<\/td><td>&nbsp;<\/td><\/tr><tr><td>&nbsp;<\/td><td>&nbsp;<\/td><td>&nbsp;<\/td><\/tr><tr><td>CUENTAS FINANCIERAS<\/td><td>&nbsp;<\/td><td>1.869.151,55<\/td><\/tr><tr><td>DEUDAS A CP TRANSF.SUBV.RECINTO<\/td><td>1.816.925,36<\/td><td>&nbsp;<\/td><\/tr><tr><td>PROVEEDORES DE INMOVILIZADO C.P.<\/td><td>39.716,31<\/td><td>&nbsp;<\/td><\/tr><tr><td>INT. A C.P. DEUDAS ENTIDADES CDT<\/td><td>2.500,00<\/td><td>&nbsp;<\/td><\/tr><tr><td>PARTIDAS PENDIENTES APLICACI\u00d3N<\/td><td>588,63<\/td><td>&nbsp;<\/td><\/tr><tr><td>FIANZAS RECIBIDAS A CORTO PLAZO<\/td><td>9.421,25<\/td><td>&nbsp;<\/td><\/tr><tr><td>&nbsp;<\/td><td>&nbsp;<\/td><td>&nbsp;<\/td><\/tr><tr><td>&nbsp;<\/td><td>10.857.750,70<\/td><td>10.857.750,70<\/td><\/tr><\/tbody><\/table><\/figure>\n\n\n\n<p>CUENTA DE P\u00c9RDIDAS Y GANANCIAS 2021<\/p>\n\n\n\n<figure class=\"wp-block-table is-style-stripes\"><table><tbody><tr><td>CUENTA DE PERDIDAS Y GANANCIAS<\/td><td>&nbsp;<\/td><td>&nbsp;<\/td><\/tr><tr><td>C u e n t a<\/td><td>D e b e<\/td><td>H a b e r<\/td><\/tr><tr><td>COMPRAS Y GASTOS<\/td><td>5071004,67<\/td><td>&nbsp;<\/td><\/tr><tr><td>TRABAJOS REALIZADOS POR OTRAS EM<\/td><td>1102688,15<\/td><td>&nbsp;<\/td><\/tr><tr><td>ARRENDAMIENTOS Y CANONES<\/td><td>117786,95<\/td><td>&nbsp;<\/td><\/tr><tr><td>REPARACIONES Y CONSERVACION<\/td><td>127360,33<\/td><td>&nbsp;<\/td><\/tr><tr><td>SERVICIOS PROFESI.INDEPENDIENTES<\/td><td>265210,04<\/td><td>&nbsp;<\/td><\/tr><tr><td>TRANSPORTES<\/td><td>14508,98<\/td><td>&nbsp;<\/td><\/tr><tr><td>PRIMAS DE SEGUROS<\/td><td>17076,09<\/td><td>&nbsp;<\/td><\/tr><tr><td>SERVICIOS BANCARIOS Y SIMILARES<\/td><td>5124,04<\/td><td>&nbsp;<\/td><\/tr><tr><td>PUBLICIDAD,PROPAGA.Y RELACIO PU.<\/td><td>530655,51<\/td><td>&nbsp;<\/td><\/tr><tr><td>SUMINISTROS<\/td><td>204520,16<\/td><td>&nbsp;<\/td><\/tr><tr><td>OTROS SERVICIOS<\/td><td>106740,9<\/td><td>&nbsp;<\/td><\/tr><tr><td>OTROS TRIBUTOS<\/td><td>1157,69<\/td><td>&nbsp;<\/td><\/tr><tr><td>SUELDOS Y SALARIOS<\/td><td>1338094,87<\/td><td>&nbsp;<\/td><\/tr><tr><td>INDEMNIZACIONES<\/td><td>254,2<\/td><td>&nbsp;<\/td><\/tr><tr><td>SEGURIDAD SOCIAL A CARGO EMPRESA<\/td><td>377330,64<\/td><td>&nbsp;<\/td><\/tr><tr><td>RETRIBUCIONES L.P. PREST.DEFINID<\/td><td>28330,04<\/td><td>&nbsp;<\/td><\/tr><tr><td>OTROS GASTOS SOCIALES<\/td><td>28746,91<\/td><td>&nbsp;<\/td><\/tr><tr><td>PREMIOS CERTAMENES<\/td><td>2495<\/td><td>&nbsp;<\/td><\/tr><tr><td>REINTREGRO SUBV.DONAC.LEGADOS<\/td><td>269113,6<\/td><td>&nbsp;<\/td><\/tr><tr><td>OTRAS PERDIDAS EN GEST.CORRIENTE<\/td><td>105705,33<\/td><td>&nbsp;<\/td><\/tr><tr><td>INTERESES DE POLIZAS DE CREDITO<\/td><td>8765,79<\/td><td>&nbsp;<\/td><\/tr><tr><td>OTROS GASTOS FINANCIEROS<\/td><td>6,24<\/td><td>&nbsp;<\/td><\/tr><tr><td>GASTOS EXCEPCIONALES<\/td><td>225,15<\/td><td>&nbsp;<\/td><\/tr><tr><td>AMORT.INMOVILIZADO INTANGIBLE<\/td><td>270864,39<\/td><td>&nbsp;<\/td><\/tr><tr><td>AMORT.INMOVILIZADO MATERIAL<\/td><td>138547,52<\/td><td>&nbsp;<\/td><\/tr><tr><td>P\u00c9RD.DETERIORO CR\u00c9DITOS COMERCIA<\/td><td>9696,15<\/td><td>&nbsp;<\/td><\/tr><tr><td>&nbsp;<\/td><td>&nbsp;<\/td><td>&nbsp;<\/td><\/tr><tr><td>VENTAS E INGRESOS<\/td><td>&nbsp;<\/td><td>5342232,4<\/td><\/tr><tr><td>ING. POR PRESTACIONES DE SERVICI<\/td><td>&nbsp;<\/td><td>431561,69<\/td><\/tr><tr><td>DESCUENTOS PUNTOS Y BONIFICACION<\/td><td>&nbsp;<\/td><td>-23308<\/td><\/tr><tr><td>TRANSFERENCIAS\/SUBVENCIONES<\/td><td>&nbsp;<\/td><td>3868682,99<\/td><\/tr><tr><td>SUBVEN.CAPIT.TRANSF.RESULT.EJERC<\/td><td>&nbsp;<\/td><td>411728,85<\/td><\/tr><tr><td>OTRAS SUBVEN.PATROC. TRANS. RDOS<\/td><td>&nbsp;<\/td><td>48359,49<\/td><\/tr><tr><td>ING. POR CESION DE ESPACIOS Y A<\/td><td>&nbsp;<\/td><td>472484,59<\/td><\/tr><tr><td>INGRESOS POR COMISIONES<\/td><td>&nbsp;<\/td><td>813,7<\/td><\/tr><tr><td>INGRESOS POR PATROCINIOS EMPRESA<\/td><td>&nbsp;<\/td><td>20288,46<\/td><\/tr><tr><td>INGRESOS SERVICIOS DIVERSOS<\/td><td>&nbsp;<\/td><td>105651,63<\/td><\/tr><tr><td>OTROS INGRESOS FINANCIEROS<\/td><td>&nbsp;<\/td><td>25,08<\/td><\/tr><tr><td>INGRESOS EXCEPCIONALES<\/td><td>&nbsp;<\/td><td>5943,92<\/td><\/tr><tr><td>&nbsp;<\/td><td>&nbsp;<\/td><td>&nbsp;<\/td><\/tr><tr><td>RESULTADO<\/td><td>271227,73<\/td><td>&nbsp;<\/td><\/tr><tr><td>&nbsp;<\/td><td>&nbsp;<\/td><td>&nbsp;<\/td><\/tr><tr><td>&nbsp;<\/td><td>5342232,4<\/td><td>5342232,4<\/td><\/tr><\/tbody><\/table><\/figure>\n\n\n\n<p>*Settlement budget 2020 in the Downloads section<\/p>\n\n\n\n<h3 class=\"wp-block-heading\">1096 REPORTS ON AUDIT OF ACCOUNTS AND CONTROL BY EXTERNAL CONTROL BODIES<\/h3>\n\n\n\n<ul class=\"wp-block-list\">\n<li><a href=\"https:\/\/infecar.es\/wp-content\/uploads\/2023\/01\/1.6-INF-CUENTAS-FIRMADAS-2017.pdf\">Auditor\u00eda financiera 2017<\/a><\/li>\n\n\n\n<li><a href=\"https:\/\/infecar.es\/wp-content\/uploads\/2023\/01\/INF-CCAA-INFECAR-2018.pdf\">Auditor\u00eda financiera 2018<\/a><\/li>\n\n\n\n<li><a href=\"https:\/\/infecar.es\/wp-content\/uploads\/2023\/01\/INFORMEEEFF-INFECAR-2019_FIRMADO.pdf\">Auditor\u00eda financiera 2019<\/a><\/li>\n\n\n\n<li><a href=\"https:\/\/infecar.es\/wp-content\/uploads\/2023\/01\/ANEXO_2__INFORME_AUDITORIA_LUJAN_AUDITORES_CCAA_INFECAR_2020.pdf\">Auditor\u00eda financiera 2020&nbsp;<\/a><\/li>\n\n\n\n<li><a href=\"https:\/\/infecar.es\/wp-content\/uploads\/2023\/01\/ANEXO_8_-_INFORME_DE_AUDITORIAMEMORIA_DE_CCAA_2021.pdf\">Auditor\u00eda financiera 2021<\/a><\/li>\n<\/ul>\n\n\n\n<h3 class=\"wp-block-heading\">1101 &#8211; BASIC INFORMATION ON THE FINANCING OF THE ENTITY.<\/h3>\n\n\n\n<p><\/p>\n\n\n\n<figure class=\"wp-block-table is-style-stripes\"><table><tbody><tr><td>&nbsp;<\/td><td>CONCEPT<\/td><td>EXERCISE 2020<\/td><td>%<\/td><td>EXERCISE 2021<\/td><td>%<\/td><\/tr><tr><td>1&nbsp;<\/td><td>TOTAL PRESTACIONES DE SERVICIOS<\/td><td>111.964,57<\/td><td>3%<\/td><td>408.253,69<\/td><td>8%<\/td><\/tr><tr><td>2&nbsp;<\/td><td>TOTAL SUBVENCIONES OFICIALES<\/td><td>3.174.333,85<\/td><td>79%<\/td><td>3.868.682,99<\/td><td>72%<\/td><\/tr><tr><td>3&nbsp;<\/td><td>TOTAL PATROCINIOS OFICIALES<\/td><td>16.600,00<\/td><td>0%<\/td><td>48.359,49<\/td><td>1%<\/td><\/tr><tr><td>4&nbsp;<\/td><td>TOTAL PATROCINIOS EMPRESAS&nbsp;<\/td><td>37.687,50<\/td><td>1%<\/td><td>20.288,46<\/td><td>0%<\/td><\/tr><tr><td>5&nbsp;<\/td><td>TOTAL ORGANIZACI\u00d3N Y REALIZACION EVENTOS<\/td><td>0,00<\/td><td>0%<\/td><td>0,00<\/td><td>0%<\/td><\/tr><tr><td>6&nbsp;<\/td><td>TOTAL INGRESOS POR CESION ESPACIOS Y MATERIALES<\/td><td>283.180,07<\/td><td>7%<\/td><td>472.484,59<\/td><td>9%<\/td><\/tr><tr><td>7&nbsp;<\/td><td>TOTAL INGRESOS POR COMISIONES RESTAURACI\u00d3N&nbsp;<\/td><td>292,74<\/td><td>0%<\/td><td>813,70<\/td><td>0%<\/td><\/tr><tr><td>8&nbsp;<\/td><td>TOTAL INGRESOS POR SERVICIOS DIVERSOS&nbsp;<\/td><td>51.118,52<\/td><td>1%<\/td><td>105.651,63<\/td><td>2%<\/td><\/tr><tr><td>9&nbsp;<\/td><td>TOTAL INGRESOS FINANCIEROS<\/td><td>101,91<\/td><td>0%<\/td><td>25,08<\/td><td>0%<\/td><\/tr><tr><td>10&nbsp;<\/td><td>TOTAL BENEFICIOS PROCEDENTES DEL INMOV. E ING.EXCEPCION.<\/td><td>326.464,39<\/td><td>8%<\/td><td>417.672,77<\/td><td>8%<\/td><\/tr><tr><td>11&nbsp;<\/td><td>TOTAL EXCESOS Y APLICACIONES DE PROVISIONES Y PERDIDAS POR DETERIORO<\/td><td>0,00<\/td><td>0%<\/td><td>0,00<\/td><td>0%<\/td><\/tr><tr><td>A<\/td><td>TOTAL INGRESOS<\/td><td>4.001.743,55<\/td><td>100%<\/td><td>5.342.232,40<\/td><td>100%<\/td><\/tr><\/tbody><\/table><\/figure>\n\n\n\n<h2 class=\"wp-block-heading\">&nbsp;<\/h2>\n\n\n\n<h3 class=\"wp-block-heading\">1104 PERSONNEL EXPENSES AND THEIR PERCENTAGE OVER THE TOTAL EXPENDITURE.<\/h3>\n\n\n\n<p>2020:<\/p>\n\n\n\n<figure class=\"wp-block-table is-style-stripes\"><table><tbody><tr><td>TOTAL PERSONNEL EXPENSES 2020<\/td><td>1.796.109,58<\/td><\/tr><tr><td>PERCENTAGE OVER TOTAL EXPENSES<\/td><td>45,20 %<\/td><\/tr><\/tbody><\/table><\/figure>\n\n\n\n<p><\/p>\n\n\n\n<p>&nbsp;2021:<\/p>\n\n\n\n<figure class=\"wp-block-table is-style-stripes\"><table><tbody><tr><td>TOTAL PERSONNEL EXPENSES 2020<\/td><td>1.338.094,87<\/td><\/tr><tr><td>PERCENTAGE OVER TOTAL EXPENSES<\/td><td>26,38 %<\/td><\/tr><\/tbody><\/table><\/figure>\n\n\n\n<p><\/p>\n\n\n\n<p><\/p>\n\n\n\n<h3 class=\"wp-block-heading\"><strong>1106 Expenses for leasing real estate<\/strong><\/h3>\n\n\n\n<p>THEY DO NOT EXIST. The institution has no real estate leasing expenses in the fiscal year 2021<\/p>\n\n\n\n<p><\/p>\n\n\n\n<h3 class=\"wp-block-heading\"><strong>1107\u00a0<\/strong>Total expenditure made as aid and subsidies for economic activities<\/h3>\n\n\n\n<p>THEY DO NOT EXIST. The Institution does not grant aid or subsidies for economic activities.<\/p>\n\n\n\n<h3 class=\"wp-block-heading\">1108 GASTOS REALIZADOS EN CAMPA\u00d1AS DE PUBLICIDAD INSTITUCIONAL.<\/h3>\n\n\n\n<ul class=\"wp-block-list\">\n<li>Annuity 2018: 8000 \u20ac<\/li>\n\n\n\n<li>Annuity 2019: 8000\u20ac<\/li>\n\n\n\n<li>Annuity 2020: 10.214,53 \u20ac<\/li>\n\n\n\n<li>Annuity 2021: 32.996,53 \u20ac<\/li>\n<\/ul>\n\n\n\n<h3 class=\"wp-block-heading\">1109 GASTO REALIZADO EN CONCEPTO DE PATROCINIO.<\/h3>\n\n\n\n<p>2020: They do not exist for this entity<\/p>\n\n\n\n<p>2021:\u00a0They do not exist for this entity<\/p>\n\n\n\n<p>Non-proprietary format downloads:<\/p>\n\n\n\n<ul class=\"wp-block-list\">\n<li><a href=\"https:\/\/infecar.es\/wp-content\/uploads\/2023\/01\/Econmico_-_financiera_1_2.odt\">&nbsp;descarga econ\u00f3mica &#8211; financiera&nbsp;<\/a><\/li>\n\n\n\n<li><a href=\"https:\/\/infecar.es\/wp-content\/uploads\/2023\/01\/1096_INFORME_CONTROL_FINANCIERO_2020_Y_2021.pdf\">&nbsp;descarga liquidaci\u00f3n presupuesto&nbsp;<\/a><\/li>\n\n\n\n<li><a href=\"https:\/\/infecar.es\/wp-content\/uploads\/2023\/01\/1101_INFORMACION_BASICA_SOBRE_FINANCIACION_1.ods\">&nbsp;descarga informaci\u00f3n b\u00e1sica sobre financiaci\u00f3n&nbsp;<\/a><\/li>\n\n\n\n<li><a href=\"https:\/\/infecar.es\/wp-content\/uploads\/2023\/01\/ACTUALIZADO_2020_1091_Balance_y_cuenta_de_perdidas_y_ganancias_de_la_entidadxlsx.ods\">&nbsp;descarga balance y cuentas de p\u00e9rdidas y ganancias&nbsp;<\/a><\/li>\n\n\n\n<li><a href=\"https:\/\/www.infecar.es\/wp-content\/uploads\/transparencia\/ficheros\/1108_Gastos_realizados_en_campana_publicitaria_institucional_2018_xls_1.ods\">&nbsp;<\/a><a href=\"https:\/\/infecar.es\/wp-content\/uploads\/2023\/01\/1108_Gastos_realizados_en_campana_publicitaria_institucional_2018_xls_1.ods\">descarga campa\u00f1a de publicidad institucional&nbsp;<\/a><\/li>\n\n\n\n<li><a href=\"https:\/\/infecar.es\/wp-content\/uploads\/2023\/01\/ACTUALIZADO_1109_Gastos_realizados_en_conceptos_de_patrocinio.csv\">&nbsp;descarga gastos en patrocinio&nbsp;<\/a><\/li>\n\n\n\n<li><a href=\"https:\/\/infecar.es\/wp-content\/uploads\/2023\/01\/1106_gastos_alquiler_bienes_inmueblesxlsx.ods\">&nbsp;descarga gastos en concepto de arrendamiento<\/a><\/li>\n\n\n\n<li><a href=\"https:\/\/infecar.es\/wp-content\/uploads\/2023\/01\/1106_ayudas_y_subvencionesxlsx.ods\">&nbsp;descarga en concepto de ayudas y subvenciones<\/a><\/li>\n<\/ul>\n","protected":false},"excerpt":{"rendered":"<p>In this section the budgetary and accounting information of the entity is exposed. ANNUITY BALANCE 2021:\u00a0\u00a0 ANNUITY BALANCE &nbsp; &nbsp; Title Import Total ACTIVO NO CORRIENTE &nbsp; 7.281.832,53 PROPIEDAD INDUSTRIAL 60.848,18 &nbsp; APLICACIONES INFORM\u00c1TICAS 156.486,45 &nbsp; DRCHO.S\/BIENES DOM PUBL.SIN CONT 10.219.895,04 &nbsp; TERRENOS Y BIENES NATURALES 24.456,47 &nbsp; CONSTRUCCIONES 53.419,73 &nbsp; MAQUINARIA 135.957,69 &nbsp; UTILLAJE [&hellip;]<\/p>\n","protected":false},"author":1,"featured_media":0,"parent":5739,"menu_order":6,"comment_status":"closed","ping_status":"closed","template":"","meta":{"_acf_changed":false,"om_disable_all_campaigns":false,"_monsterinsights_skip_tracking":false,"_monsterinsights_sitenote_active":false,"_monsterinsights_sitenote_note":"","_monsterinsights_sitenote_category":0,"_uf_show_specific_survey":0,"_uf_disable_surveys":false,"_joinchat":[],"footnotes":""},"class_list":["post-6887","page","type-page","status-publish","hentry"],"acf":false,"aioseo_notices":[],"yoast_head":"<!-- This site is optimized with the Yoast SEO plugin v26.7 - https:\/\/yoast.com\/wordpress\/plugins\/seo\/ -->\n<title>ECONOMIC-FINANCIAL - Infecar<\/title>\n<meta name=\"robots\" content=\"index, follow, max-snippet:-1, max-image-preview:large, max-video-preview:-1\" \/>\n<link rel=\"canonical\" href=\"https:\/\/infecar.es\/en\/transparency\/economic-financial\/\" \/>\n<meta property=\"og:locale\" content=\"en_US\" \/>\n<meta property=\"og:type\" content=\"article\" \/>\n<meta property=\"og:title\" content=\"ECONOMIC-FINANCIAL - Infecar\" \/>\n<meta property=\"og:description\" content=\"In this section the budgetary and accounting information of the entity is exposed. ANNUITY BALANCE 2021:\u00a0\u00a0 ANNUITY BALANCE &nbsp; &nbsp; Title Import Total ACTIVO NO CORRIENTE &nbsp; 7.281.832,53 PROPIEDAD INDUSTRIAL 60.848,18 &nbsp; APLICACIONES INFORM\u00c1TICAS 156.486,45 &nbsp; DRCHO.S\/BIENES DOM PUBL.SIN CONT 10.219.895,04 &nbsp; TERRENOS Y BIENES NATURALES 24.456,47 &nbsp; CONSTRUCCIONES 53.419,73 &nbsp; MAQUINARIA 135.957,69 &nbsp; UTILLAJE [&hellip;]\" \/>\n<meta property=\"og:url\" content=\"https:\/\/infecar.es\/en\/transparency\/economic-financial\/\" \/>\n<meta property=\"og:site_name\" content=\"Infecar\" \/>\n<meta property=\"article:modified_time\" content=\"2023-02-09T16:23:39+00:00\" \/>\n<meta name=\"twitter:card\" content=\"summary_large_image\" \/>\n<meta name=\"twitter:label1\" content=\"Est. reading time\" \/>\n\t<meta name=\"twitter:data1\" content=\"4 minutes\" \/>\n<script type=\"application\/ld+json\" class=\"yoast-schema-graph\">{\"@context\":\"https:\/\/schema.org\",\"@graph\":[{\"@type\":\"WebPage\",\"@id\":\"https:\/\/infecar.es\/en\/transparency\/economic-financial\/\",\"url\":\"https:\/\/infecar.es\/en\/transparency\/economic-financial\/\",\"name\":\"ECONOMIC-FINANCIAL - Infecar\",\"isPartOf\":{\"@id\":\"https:\/\/infecar.es\/#website\"},\"datePublished\":\"2023-01-27T11:13:28+00:00\",\"dateModified\":\"2023-02-09T16:23:39+00:00\",\"breadcrumb\":{\"@id\":\"https:\/\/infecar.es\/en\/transparency\/economic-financial\/#breadcrumb\"},\"inLanguage\":\"en-US\",\"potentialAction\":[{\"@type\":\"ReadAction\",\"target\":[\"https:\/\/infecar.es\/en\/transparency\/economic-financial\/\"]}]},{\"@type\":\"BreadcrumbList\",\"@id\":\"https:\/\/infecar.es\/en\/transparency\/economic-financial\/#breadcrumb\",\"itemListElement\":[{\"@type\":\"ListItem\",\"position\":1,\"name\":\"Portada\",\"item\":\"https:\/\/infecar.es\/en\/\"},{\"@type\":\"ListItem\",\"position\":2,\"name\":\"Transparency\",\"item\":\"http:\/\/infecar.es\/en\/transparency\/\"},{\"@type\":\"ListItem\",\"position\":3,\"name\":\"ECONOMIC-FINANCIAL\"}]},{\"@type\":\"WebSite\",\"@id\":\"https:\/\/infecar.es\/#website\",\"url\":\"https:\/\/infecar.es\/\",\"name\":\"Infecar\",\"description\":\"Feria de Gran Canaria\",\"publisher\":{\"@id\":\"https:\/\/infecar.es\/#organization\"},\"potentialAction\":[{\"@type\":\"SearchAction\",\"target\":{\"@type\":\"EntryPoint\",\"urlTemplate\":\"https:\/\/infecar.es\/?s={search_term_string}\"},\"query-input\":{\"@type\":\"PropertyValueSpecification\",\"valueRequired\":true,\"valueName\":\"search_term_string\"}}],\"inLanguage\":\"en-US\"},{\"@type\":\"Organization\",\"@id\":\"https:\/\/infecar.es\/#organization\",\"name\":\"Infecar\",\"url\":\"https:\/\/infecar.es\/\",\"logo\":{\"@type\":\"ImageObject\",\"inLanguage\":\"en-US\",\"@id\":\"https:\/\/infecar.es\/#\/schema\/logo\/image\/\",\"url\":\"https:\/\/infecar.es\/wp-content\/uploads\/2023\/02\/logo_black.svg\",\"contentUrl\":\"https:\/\/infecar.es\/wp-content\/uploads\/2023\/02\/logo_black.svg\",\"width\":1,\"height\":1,\"caption\":\"Infecar\"},\"image\":{\"@id\":\"https:\/\/infecar.es\/#\/schema\/logo\/image\/\"}}]}<\/script>\n<!-- \/ Yoast SEO plugin. -->","yoast_head_json":{"title":"ECONOMIC-FINANCIAL - Infecar","robots":{"index":"index","follow":"follow","max-snippet":"max-snippet:-1","max-image-preview":"max-image-preview:large","max-video-preview":"max-video-preview:-1"},"canonical":"https:\/\/infecar.es\/en\/transparency\/economic-financial\/","og_locale":"en_US","og_type":"article","og_title":"ECONOMIC-FINANCIAL - Infecar","og_description":"In this section the budgetary and accounting information of the entity is exposed. ANNUITY BALANCE 2021:\u00a0\u00a0 ANNUITY BALANCE &nbsp; &nbsp; Title Import Total ACTIVO NO CORRIENTE &nbsp; 7.281.832,53 PROPIEDAD INDUSTRIAL 60.848,18 &nbsp; APLICACIONES INFORM\u00c1TICAS 156.486,45 &nbsp; DRCHO.S\/BIENES DOM PUBL.SIN CONT 10.219.895,04 &nbsp; TERRENOS Y BIENES NATURALES 24.456,47 &nbsp; CONSTRUCCIONES 53.419,73 &nbsp; MAQUINARIA 135.957,69 &nbsp; UTILLAJE [&hellip;]","og_url":"https:\/\/infecar.es\/en\/transparency\/economic-financial\/","og_site_name":"Infecar","article_modified_time":"2023-02-09T16:23:39+00:00","twitter_card":"summary_large_image","twitter_misc":{"Est. reading time":"4 minutes"},"schema":{"@context":"https:\/\/schema.org","@graph":[{"@type":"WebPage","@id":"https:\/\/infecar.es\/en\/transparency\/economic-financial\/","url":"https:\/\/infecar.es\/en\/transparency\/economic-financial\/","name":"ECONOMIC-FINANCIAL - Infecar","isPartOf":{"@id":"https:\/\/infecar.es\/#website"},"datePublished":"2023-01-27T11:13:28+00:00","dateModified":"2023-02-09T16:23:39+00:00","breadcrumb":{"@id":"https:\/\/infecar.es\/en\/transparency\/economic-financial\/#breadcrumb"},"inLanguage":"en-US","potentialAction":[{"@type":"ReadAction","target":["https:\/\/infecar.es\/en\/transparency\/economic-financial\/"]}]},{"@type":"BreadcrumbList","@id":"https:\/\/infecar.es\/en\/transparency\/economic-financial\/#breadcrumb","itemListElement":[{"@type":"ListItem","position":1,"name":"Portada","item":"https:\/\/infecar.es\/en\/"},{"@type":"ListItem","position":2,"name":"Transparency","item":"http:\/\/infecar.es\/en\/transparency\/"},{"@type":"ListItem","position":3,"name":"ECONOMIC-FINANCIAL"}]},{"@type":"WebSite","@id":"https:\/\/infecar.es\/#website","url":"https:\/\/infecar.es\/","name":"Infecar","description":"Feria de Gran Canaria","publisher":{"@id":"https:\/\/infecar.es\/#organization"},"potentialAction":[{"@type":"SearchAction","target":{"@type":"EntryPoint","urlTemplate":"https:\/\/infecar.es\/?s={search_term_string}"},"query-input":{"@type":"PropertyValueSpecification","valueRequired":true,"valueName":"search_term_string"}}],"inLanguage":"en-US"},{"@type":"Organization","@id":"https:\/\/infecar.es\/#organization","name":"Infecar","url":"https:\/\/infecar.es\/","logo":{"@type":"ImageObject","inLanguage":"en-US","@id":"https:\/\/infecar.es\/#\/schema\/logo\/image\/","url":"https:\/\/infecar.es\/wp-content\/uploads\/2023\/02\/logo_black.svg","contentUrl":"https:\/\/infecar.es\/wp-content\/uploads\/2023\/02\/logo_black.svg","width":1,"height":1,"caption":"Infecar"},"image":{"@id":"https:\/\/infecar.es\/#\/schema\/logo\/image\/"}}]}},"_links":{"self":[{"href":"https:\/\/infecar.es\/en\/wp-json\/wp\/v2\/pages\/6887","targetHints":{"allow":["GET"]}}],"collection":[{"href":"https:\/\/infecar.es\/en\/wp-json\/wp\/v2\/pages"}],"about":[{"href":"https:\/\/infecar.es\/en\/wp-json\/wp\/v2\/types\/page"}],"author":[{"embeddable":true,"href":"https:\/\/infecar.es\/en\/wp-json\/wp\/v2\/users\/1"}],"replies":[{"embeddable":true,"href":"https:\/\/infecar.es\/en\/wp-json\/wp\/v2\/comments?post=6887"}],"version-history":[{"count":3,"href":"https:\/\/infecar.es\/en\/wp-json\/wp\/v2\/pages\/6887\/revisions"}],"predecessor-version":[{"id":7483,"href":"https:\/\/infecar.es\/en\/wp-json\/wp\/v2\/pages\/6887\/revisions\/7483"}],"up":[{"embeddable":true,"href":"https:\/\/infecar.es\/en\/wp-json\/wp\/v2\/pages\/5739"}],"wp:attachment":[{"href":"https:\/\/infecar.es\/en\/wp-json\/wp\/v2\/media?parent=6887"}],"curies":[{"name":"wp","href":"https:\/\/api.w.org\/{rel}","templated":true}]}}