

{"id":6882,"date":"2023-01-26T16:08:05","date_gmt":"2023-01-26T16:08:05","guid":{"rendered":"https:\/\/infecar.es\/?page_id=6882"},"modified":"2023-02-06T14:58:43","modified_gmt":"2023-02-06T14:58:43","slug":"public-sector-employment","status":"publish","type":"page","link":"https:\/\/infecar.es\/en\/transparency\/public-sector-employment\/","title":{"rendered":"PUBLIC SECTOR EMPLOYMENT"},"content":{"rendered":"\n<p>This section contains information on the personnel of this entity and the job offers to work in it:<\/p>\n\n\n\n<h3 class=\"wp-block-heading\">1042 &#8211; DISTRIBUTION BY CLASSIFICATION GROUPS, SPECIFYING THE TYPE OF CIVIL SERVANT, STATUTORY OR LABOR RELATIONSHIP, DISTINGUISHING BETWEEN CAREER AND INTERIM EMPLOYEES, AND BETWEEN PERMANENT, INDEFINITE AND TEMPORARY.<\/h3>\n\n\n\n<p>FIXED STAFF<\/p>\n\n\n\n<figure class=\"wp-block-table is-style-stripes\"><table><tbody><tr><td>N\u00ba<\/td><td>PROFESSIONAL GROUP<\/td><td>N\u00ba  2020<\/td><td>N\u00ba 2021<\/td><\/tr><tr><td>1<\/td><td>STEERING GROUP<\/td><td>5<\/td><td>6<\/td><\/tr><tr><td>2<\/td><td>ADMINISTRATIVE GROUP<\/td><td>6<\/td><td>6<\/td><\/tr><tr><td>3<\/td><td>MISCELLANEOUS TRADE GROUP<\/td><td>9<\/td><td>11<\/td><\/tr><tr><td>4<\/td><td>SERVICES GROUP<\/td><td>0<\/td><td>0<\/td><\/tr><tr><td>5<\/td><td>TOTAL<\/td><td>20<\/td><td>23<\/td><\/tr><\/tbody><\/table><\/figure>\n\n\n\n<p><br>DISCONTINUOUS PERSONNEL<\/p>\n\n\n\n<figure class=\"wp-block-table is-style-stripes\"><table><tbody><tr><td>N\u00ba<\/td><td>PROFESSIONAL GROUP<\/td><td>N\u00ba  2020<\/td><td>N\u00ba 2021<\/td><\/tr><tr><td>1<\/td><td>STEERING GROUP<\/td><td>5<\/td><td>4<\/td><\/tr><tr><td>2<\/td><td>ADMINISTRATIVE GROUP<\/td><td>5<\/td><td>5<\/td><\/tr><tr><td>3<\/td><td>MISCELLANEOUS TRADE GROUP<\/td><td>0<\/td><td>11<\/td><\/tr><tr><td>4<\/td><td>SERVICES GROUP<\/td><td>0<\/td><td>0<\/td><\/tr><tr><td>5<\/td><td>TOTAL<\/td><td>10<\/td><td>20<\/td><\/tr><\/tbody><\/table><\/figure>\n\n\n\n<p>TEMPORARY STAFF<\/p>\n\n\n\n<figure class=\"wp-block-table is-style-stripes\"><table><tbody><tr><td>N\u00ba<\/td><td>PROFESSIONAL GROUP<\/td><td>N\u00ba 2020<\/td><td>N\u00ba 2021<\/td><\/tr><tr><td>1<\/td><td>STEERING GROUP<\/td><td>1<\/td><td>0<\/td><\/tr><tr><td>2<\/td><td>ADMINISTRATIVE GROUP<\/td><td>1<\/td><td>1<\/td><\/tr><tr><td>3<\/td><td>MISCELLANEOUS TRADE GROUP<\/td><td>3<\/td><td>1<\/td><\/tr><tr><td>4<\/td><td>SERVICES GROUP<\/td><td>0<\/td><td>0<\/td><\/tr><tr><td>5<\/td><td>TOTAL<\/td><td>5<\/td><td>2<\/td><\/tr><\/tbody><\/table><\/figure>\n\n\n\n<p>TEMPORARY STAFF<\/p>\n\n\n\n<figure class=\"wp-block-table is-style-stripes\"><table><tbody><tr><td>N\u00ba<\/td><td>PROFESSIONAL GROUP<\/td><td>N\u00ba 2020<\/td><td>N\u00ba 2021<\/td><\/tr><tr><td>1<\/td><td>STEERING GROUP<\/td><td>1<\/td><td>1<\/td><\/tr><tr><td>2<\/td><td>ADMINISTRATIVE GROUP<\/td><td>0<\/td><td>1<\/td><\/tr><tr><td>3<\/td><td>MISCELLANEOUS TRADE GROUP<\/td><td>0<\/td><td>0<\/td><\/tr><tr><td>4<\/td><td>SERVICES GROUP<\/td><td>0<\/td><td>0<\/td><\/tr><tr><td>5<\/td><td>TOTAL<\/td><td>1<\/td><td>2<\/td><\/tr><\/tbody><\/table><\/figure>\n\n\n\n<h3 class=\"wp-block-heading\">1043 &#8211; NUMBER OF EMPLOYEES BY DEPARTMENT.<\/h3>\n\n\n\n<figure class=\"wp-block-table is-style-stripes\"><table><tbody><tr><td>N\u00ba<\/td><td>DEPARTMENT<\/td><td>N\u00ba de empleados 2020<\/td><td>N\u00ba de empleados 2021<\/td><\/tr><tr><td>1<\/td><td>PROYECT<\/td><td>1<\/td><td>3<\/td><\/tr><tr><td>2<\/td><td>GENERAL DIRECTORATE<\/td><td>3<\/td><td>1<\/td><\/tr><tr><td>3<\/td><td>ADMINISTRATION<\/td><td>3<\/td><td>3<\/td><\/tr><tr><td>4<\/td><td>FAIRS<\/td><td>1<\/td><td>1<\/td><\/tr><tr><td>5<\/td><td>CONFERENCE CENTER<\/td><td>2<\/td><td>3<\/td><\/tr><tr><td>6<\/td><td>MAINTENANCE<\/td><td>10<\/td><td>12<\/td><\/tr><tr><td><\/td><td>TOTAL<\/td><td>20<\/td><td>23<\/td><\/tr><\/tbody><\/table><\/figure>\n\n\n\n<h3 class=\"wp-block-heading\">1044 &#8211; NUMBER OF UNION RELEASES, NUMBER OF UNION HOURS USED BY UNION AND, IF APPLICABLE, UNION TO WHICH THE RELEASES BELONG AND COST OF THE RELEASES.<\/h3>\n\n\n\n<p>There are no union releases in the entity in 2018, 2019, 2020 and 2021<\/p>\n\n\n\n<p>There is a staff representative<\/p>\n\n\n\n<h3 class=\"wp-block-heading\">1045 &#8211; NOMINAL LIST OF THE PERSONNEL THAT PROVIDES SERVICE IN THE ENTITY, INDICATING THE JOB THEY PERFORM AND THE PROVISION REGIME.<\/h3>\n\n\n\n<p>Annuity 2021 (updated)<\/p>\n\n\n\n<figure class=\"wp-block-table is-style-stripes\"><table><tbody><tr><td>SURNAME, NAME <\/td><td>JOB<\/td><\/tr><tr><td>VACANTE *<\/td><td>DIRECTOR GENERAL<\/td><\/tr><tr><td>SU\u00c1REZ D\u00c9NIZ, RAFAEL<\/td><td>DIRECTOR DE PROYECTOS<\/td><\/tr><tr><td>NAVARRO LUJ\u00c1N, JUAN MANUEL<\/td><td>DIRECTOR DE MANTENIMIENTO Y SEGURIDAD<\/td><\/tr><tr><td>VACANTE **<\/td><td>DIRECTOR DE ADMINISTRACI\u00d3N<\/td><\/tr><tr><td>G\u00d3MEZ RUIZ, M\u00d3NICA<\/td><td>DIRECTORA EJECUTIVA DEL PALACIO DE CONGRESOS<\/td><\/tr><tr><td>SANTANA HERN\u00c1NDEZ, NATALIA<\/td><td>DIRECTORA EJECUTIVA DE CERT\u00c1MENES FERIALES<\/td><\/tr><tr><td>D\u00cdAZ VIERA, VICTOR ***<\/td><td>JEFE DE SERVICIO DE CONTABILIDAD Y FACTURACI\u00d3N<\/td><\/tr><tr><td>DELGADO PARRADO, GONZALO<\/td><td>DIRECTOR DE ASESOR\u00cdA JUR\u00cdDICA Y CONTRATACI\u00d3N<\/td><\/tr><tr><td>VACANTE<\/td><td>DIRECTOR DE RELACIONES EXTERNAS, ESTRATEGIA CORPORATIVA Y MARKETING<\/td><\/tr><tr><td>CORREA URBANO, MILAGROS<\/td><td>SECRETARIA DE DIRECCI\u00d3N GENERAL<\/td><\/tr><tr><td>IZQUIER AYALA, SAMUEL<\/td><td>ADMINISTRATIVO-CAJERO<\/td><\/tr><tr><td>AVANZINI ADELER, CAROLINA<\/td><td>ADMINISTRATIVO<\/td><\/tr><tr><td>GARC\u00cdA GONZ\u00c1LEZ, IDAIRA<\/td><td>ADMINISTRATIVO<\/td><\/tr><tr><td>ORTEGA TORRES, ELSA<\/td><td>ADMINISTRATIVO<\/td><\/tr><tr><td>QUEVEDO JOVER, NURIA<\/td><td>ADMINISTRATIVO<\/td><\/tr><tr><td>GONZ\u00c1LEZ CERVANTES, PABLO<\/td><td>AYUDANTE DEL JEFE DE MANTENIMIENTO<\/td><\/tr><tr><td>DOM\u00cdNGUEZ HERN\u00c1NDEZ, ROBERTO<\/td><td>OFICIAL 1\u00aa<\/td><\/tr><tr><td>MEDINA SANTANA, CARLOS<\/td><td>OFICIAL 1\u00aa<\/td><\/tr><tr><td>MONTESDEOCA NARANJO, JOS\u00c9 ANTONIO<\/td><td>OFICIAL 1\u00aa<\/td><\/tr><tr><td>NAVARRO LUJ\u00c1N, LUIS<\/td><td>OFICIAL 1\u00aa<\/td><\/tr><tr><td>GALV\u00c1N CABALLERO, CARLOS<\/td><td>OFICIAL 2\u00aa<\/td><\/tr><tr><td>NAVARRO LUJ\u00c1N, CARLOS G.<\/td><td>OFICIAL 2\u00aa<\/td><\/tr><tr><td>VEGA C\u00c1RDENES, JOS\u00c9 JUAN<\/td><td>OFICIAL 2\u00aa<\/td><\/tr><tr><td>OJEDA HENR\u00cdQUEZ, AMADA<\/td><td>PERSONAL DE LIMPIEZA<\/td><\/tr><tr><td>TRENZADO HORMIGA, CARMEN<\/td><td>PERSONAL DE LIMPIEZA<\/td><\/tr><tr><td>VEGA MORENO, JOSEFA ISABEL<\/td><td>PERSONAL DE LIMPIEZA<\/td><\/tr><tr><td>VEGA MORENO, TERESA<\/td><td>PERSONAL DE LIMPIEZA<\/td><\/tr><\/tbody><\/table><\/figure>\n\n\n\n<ul class=\"wp-block-list\">\n<li>Occupied to date accidentally by Natalia Santana Hern\u00e1ndez.<\/li>\n<\/ul>\n\n\n\n<p>** Temporarily occupied to date by V\u00edctor D\u00edaz Viera.<\/p>\n\n\n\n<p>*** Occupied to date on an interim basis by replacement by M\u00aa Carolina D\u00e9niz Medina, due to reservation of the job of the incumbent, V\u00edctor D\u00edaz Viera.<\/p>\n\n\n\n<h3 class=\"wp-block-heading\">1047 PERSONAL IDENTIFICATION, POSITION PERFORMED AND ACTIVITY OR ACTIVITIES FOR WHICH COMPATIBILITY IS AUTHORIZED AND, IF APPLICABLE, OFFICIAL GAZETTE WHERE THEY WERE PUBLISHED.<\/h3>\n\n\n\n<p>Does not exist in the personal entity with compatibility authorizations for other activities.<\/p>\n\n\n\n<p>Downloads non-proprietary format:<\/p>\n\n\n\n<ul class=\"wp-block-list\">\n<li><a href=\"https:\/\/infecar.es\/wp-content\/uploads\/2023\/01\/Empleo_en_el_sector_pblico-2.odt\">&nbsp;descarga empleo en el sector p\u00fablico&nbsp;<\/a><\/li>\n\n\n\n<li>&nbsp;<a href=\"https:\/\/infecar.es\/wp-content\/uploads\/2023\/01\/1042_Numero_de_empleados_por_grupos_xml-1.ods\">descarga n\u00famero de empleados por grupo<\/a><\/li>\n\n\n\n<li>&nbsp;<a href=\"https:\/\/infecar.es\/wp-content\/uploads\/2023\/01\/1043_Numero_de_empleados_por_departamentos_xml-1.ods\">descarga n\u00famero de empleados por departamentos&nbsp;<\/a><\/li>\n\n\n\n<li>&nbsp;<a href=\"https:\/\/infecar.es\/wp-content\/uploads\/2023\/01\/actualizado_20201044_Numero_de_liberados_sindicalesxlsx-2.ods\" data-type=\"URL\" data-id=\"https:\/\/infecar.es\/wp-content\/uploads\/2023\/01\/actualizado_20201044_Numero_de_liberados_sindicalesxlsx-2.ods\">descarga n\u00famero de liberados sindicales&nbsp;<\/a><\/li>\n\n\n\n<li>&nbsp;<a href=\"https:\/\/infecar.es\/wp-content\/uploads\/2023\/01\/1045_Relacion_nominal_del_personal_que_presta_servicios_en_la_entidad_xml-1.ods\">descarga relaci\u00f3n nominal de personal&nbsp;<\/a><\/li>\n<\/ul>\n","protected":false},"excerpt":{"rendered":"<p>This section contains information on the personnel of this entity and the job offers to work in it: 1042 &#8211; DISTRIBUTION BY CLASSIFICATION GROUPS, SPECIFYING THE TYPE OF CIVIL SERVANT, STATUTORY OR LABOR RELATIONSHIP, DISTINGUISHING BETWEEN CAREER AND INTERIM EMPLOYEES, AND BETWEEN PERMANENT, INDEFINITE AND TEMPORARY. FIXED STAFF N\u00ba PROFESSIONAL GROUP N\u00ba 2020 N\u00ba 2021 [&hellip;]<\/p>\n","protected":false},"author":1,"featured_media":0,"parent":5739,"menu_order":4,"comment_status":"closed","ping_status":"closed","template":"","meta":{"_acf_changed":false,"om_disable_all_campaigns":false,"_monsterinsights_skip_tracking":false,"_monsterinsights_sitenote_active":false,"_monsterinsights_sitenote_note":"","_monsterinsights_sitenote_category":0,"_uf_show_specific_survey":0,"_uf_disable_surveys":false,"_joinchat":[],"footnotes":""},"class_list":["post-6882","page","type-page","status-publish","hentry"],"acf":false,"aioseo_notices":[],"yoast_head":"<!-- This site is optimized with the Yoast SEO plugin v26.7 - https:\/\/yoast.com\/wordpress\/plugins\/seo\/ -->\n<title>PUBLIC SECTOR EMPLOYMENT - Infecar<\/title>\n<meta name=\"robots\" content=\"index, follow, max-snippet:-1, max-image-preview:large, max-video-preview:-1\" \/>\n<link rel=\"canonical\" href=\"https:\/\/infecar.es\/en\/transparency\/public-sector-employment\/\" \/>\n<meta property=\"og:locale\" content=\"en_US\" \/>\n<meta property=\"og:type\" content=\"article\" \/>\n<meta property=\"og:title\" content=\"PUBLIC SECTOR EMPLOYMENT - Infecar\" \/>\n<meta property=\"og:description\" content=\"This section contains information on the personnel of this entity and the job offers to work in it: 1042 &#8211; DISTRIBUTION BY CLASSIFICATION GROUPS, SPECIFYING THE TYPE OF CIVIL SERVANT, STATUTORY OR LABOR RELATIONSHIP, DISTINGUISHING BETWEEN CAREER AND INTERIM EMPLOYEES, AND BETWEEN PERMANENT, INDEFINITE AND TEMPORARY. FIXED STAFF N\u00ba PROFESSIONAL GROUP N\u00ba 2020 N\u00ba 2021 [&hellip;]\" \/>\n<meta property=\"og:url\" content=\"https:\/\/infecar.es\/en\/transparency\/public-sector-employment\/\" \/>\n<meta property=\"og:site_name\" content=\"Infecar\" \/>\n<meta property=\"article:modified_time\" content=\"2023-02-06T14:58:43+00:00\" \/>\n<meta name=\"twitter:card\" content=\"summary_large_image\" \/>\n<meta name=\"twitter:label1\" content=\"Est. reading time\" \/>\n\t<meta name=\"twitter:data1\" content=\"2 minutes\" \/>\n<script type=\"application\/ld+json\" class=\"yoast-schema-graph\">{\"@context\":\"https:\/\/schema.org\",\"@graph\":[{\"@type\":\"WebPage\",\"@id\":\"https:\/\/infecar.es\/en\/transparency\/public-sector-employment\/\",\"url\":\"https:\/\/infecar.es\/en\/transparency\/public-sector-employment\/\",\"name\":\"PUBLIC SECTOR EMPLOYMENT - Infecar\",\"isPartOf\":{\"@id\":\"http:\/\/infecar.es\/#website\"},\"datePublished\":\"2023-01-26T16:08:05+00:00\",\"dateModified\":\"2023-02-06T14:58:43+00:00\",\"breadcrumb\":{\"@id\":\"https:\/\/infecar.es\/en\/transparency\/public-sector-employment\/#breadcrumb\"},\"inLanguage\":\"en-US\",\"potentialAction\":[{\"@type\":\"ReadAction\",\"target\":[\"https:\/\/infecar.es\/en\/transparency\/public-sector-employment\/\"]}]},{\"@type\":\"BreadcrumbList\",\"@id\":\"https:\/\/infecar.es\/en\/transparency\/public-sector-employment\/#breadcrumb\",\"itemListElement\":[{\"@type\":\"ListItem\",\"position\":1,\"name\":\"Portada\",\"item\":\"http:\/\/infecar.es\/\"},{\"@type\":\"ListItem\",\"position\":2,\"name\":\"Transparency\",\"item\":\"https:\/\/infecar.es\/en\/transparency\/\"},{\"@type\":\"ListItem\",\"position\":3,\"name\":\"PUBLIC SECTOR EMPLOYMENT\"}]},{\"@type\":\"WebSite\",\"@id\":\"http:\/\/infecar.es\/#website\",\"url\":\"http:\/\/infecar.es\/\",\"name\":\"Infecar\",\"description\":\"Feria de Gran Canaria\",\"publisher\":{\"@id\":\"http:\/\/infecar.es\/#organization\"},\"potentialAction\":[{\"@type\":\"SearchAction\",\"target\":{\"@type\":\"EntryPoint\",\"urlTemplate\":\"http:\/\/infecar.es\/?s={search_term_string}\"},\"query-input\":{\"@type\":\"PropertyValueSpecification\",\"valueRequired\":true,\"valueName\":\"search_term_string\"}}],\"inLanguage\":\"en-US\"},{\"@type\":\"Organization\",\"@id\":\"http:\/\/infecar.es\/#organization\",\"name\":\"Infecar\",\"url\":\"http:\/\/infecar.es\/\",\"logo\":{\"@type\":\"ImageObject\",\"inLanguage\":\"en-US\",\"@id\":\"http:\/\/infecar.es\/#\/schema\/logo\/image\/\",\"url\":\"https:\/\/infecar.es\/wp-content\/uploads\/2023\/02\/logo_black.svg\",\"contentUrl\":\"https:\/\/infecar.es\/wp-content\/uploads\/2023\/02\/logo_black.svg\",\"width\":1,\"height\":1,\"caption\":\"Infecar\"},\"image\":{\"@id\":\"http:\/\/infecar.es\/#\/schema\/logo\/image\/\"}}]}<\/script>\n<!-- \/ Yoast SEO plugin. -->","yoast_head_json":{"title":"PUBLIC SECTOR EMPLOYMENT - Infecar","robots":{"index":"index","follow":"follow","max-snippet":"max-snippet:-1","max-image-preview":"max-image-preview:large","max-video-preview":"max-video-preview:-1"},"canonical":"https:\/\/infecar.es\/en\/transparency\/public-sector-employment\/","og_locale":"en_US","og_type":"article","og_title":"PUBLIC SECTOR EMPLOYMENT - Infecar","og_description":"This section contains information on the personnel of this entity and the job offers to work in it: 1042 &#8211; DISTRIBUTION BY CLASSIFICATION GROUPS, SPECIFYING THE TYPE OF CIVIL SERVANT, STATUTORY OR LABOR RELATIONSHIP, DISTINGUISHING BETWEEN CAREER AND INTERIM EMPLOYEES, AND BETWEEN PERMANENT, INDEFINITE AND TEMPORARY. FIXED STAFF N\u00ba PROFESSIONAL GROUP N\u00ba 2020 N\u00ba 2021 [&hellip;]","og_url":"https:\/\/infecar.es\/en\/transparency\/public-sector-employment\/","og_site_name":"Infecar","article_modified_time":"2023-02-06T14:58:43+00:00","twitter_card":"summary_large_image","twitter_misc":{"Est. reading time":"2 minutes"},"schema":{"@context":"https:\/\/schema.org","@graph":[{"@type":"WebPage","@id":"https:\/\/infecar.es\/en\/transparency\/public-sector-employment\/","url":"https:\/\/infecar.es\/en\/transparency\/public-sector-employment\/","name":"PUBLIC SECTOR EMPLOYMENT - Infecar","isPartOf":{"@id":"http:\/\/infecar.es\/#website"},"datePublished":"2023-01-26T16:08:05+00:00","dateModified":"2023-02-06T14:58:43+00:00","breadcrumb":{"@id":"https:\/\/infecar.es\/en\/transparency\/public-sector-employment\/#breadcrumb"},"inLanguage":"en-US","potentialAction":[{"@type":"ReadAction","target":["https:\/\/infecar.es\/en\/transparency\/public-sector-employment\/"]}]},{"@type":"BreadcrumbList","@id":"https:\/\/infecar.es\/en\/transparency\/public-sector-employment\/#breadcrumb","itemListElement":[{"@type":"ListItem","position":1,"name":"Portada","item":"http:\/\/infecar.es\/"},{"@type":"ListItem","position":2,"name":"Transparency","item":"https:\/\/infecar.es\/en\/transparency\/"},{"@type":"ListItem","position":3,"name":"PUBLIC SECTOR EMPLOYMENT"}]},{"@type":"WebSite","@id":"http:\/\/infecar.es\/#website","url":"http:\/\/infecar.es\/","name":"Infecar","description":"Feria de Gran Canaria","publisher":{"@id":"http:\/\/infecar.es\/#organization"},"potentialAction":[{"@type":"SearchAction","target":{"@type":"EntryPoint","urlTemplate":"http:\/\/infecar.es\/?s={search_term_string}"},"query-input":{"@type":"PropertyValueSpecification","valueRequired":true,"valueName":"search_term_string"}}],"inLanguage":"en-US"},{"@type":"Organization","@id":"http:\/\/infecar.es\/#organization","name":"Infecar","url":"http:\/\/infecar.es\/","logo":{"@type":"ImageObject","inLanguage":"en-US","@id":"http:\/\/infecar.es\/#\/schema\/logo\/image\/","url":"https:\/\/infecar.es\/wp-content\/uploads\/2023\/02\/logo_black.svg","contentUrl":"https:\/\/infecar.es\/wp-content\/uploads\/2023\/02\/logo_black.svg","width":1,"height":1,"caption":"Infecar"},"image":{"@id":"http:\/\/infecar.es\/#\/schema\/logo\/image\/"}}]}},"_links":{"self":[{"href":"https:\/\/infecar.es\/en\/wp-json\/wp\/v2\/pages\/6882","targetHints":{"allow":["GET"]}}],"collection":[{"href":"https:\/\/infecar.es\/en\/wp-json\/wp\/v2\/pages"}],"about":[{"href":"https:\/\/infecar.es\/en\/wp-json\/wp\/v2\/types\/page"}],"author":[{"embeddable":true,"href":"https:\/\/infecar.es\/en\/wp-json\/wp\/v2\/users\/1"}],"replies":[{"embeddable":true,"href":"https:\/\/infecar.es\/en\/wp-json\/wp\/v2\/comments?post=6882"}],"version-history":[{"count":3,"href":"https:\/\/infecar.es\/en\/wp-json\/wp\/v2\/pages\/6882\/revisions"}],"predecessor-version":[{"id":7308,"href":"https:\/\/infecar.es\/en\/wp-json\/wp\/v2\/pages\/6882\/revisions\/7308"}],"up":[{"embeddable":true,"href":"https:\/\/infecar.es\/en\/wp-json\/wp\/v2\/pages\/5739"}],"wp:attachment":[{"href":"https:\/\/infecar.es\/en\/wp-json\/wp\/v2\/media?parent=6882"}],"curies":[{"name":"wp","href":"https:\/\/api.w.org\/{rel}","templated":true}]}}