

{"id":6809,"date":"2023-01-26T15:31:58","date_gmt":"2023-01-26T15:31:58","guid":{"rendered":"https:\/\/infecar.es\/?page_id=6809"},"modified":"2023-01-30T14:58:04","modified_gmt":"2023-01-30T14:58:04","slug":"organizational","status":"publish","type":"page","link":"https:\/\/infecar.es\/en\/transparency\/organizational\/","title":{"rendered":"ORGANIZATIONAL"},"content":{"rendered":"\n<p><br>This section contains generic information about the company, providing the public with information about its structure and size.<\/p>\n\n\n\n<h3 class=\"wp-block-heading\">1018 ORGANIZATION CHART OF THE ENTITY.<\/h3>\n\n\n\n<p>Annuality 2020 and 2021:<\/p>\n\n\n\n<p><a href=\"\/wp-content\/uploads\/2023\/01\/Organigrama__vf.pdf\" data-type=\"URL\" data-id=\"\/wp-content\/uploads\/2023\/01\/Organigrama__vf.pdf\">*Download pdf<\/a><\/p>\n\n\n\n<h3 class=\"wp-block-heading\">1021 GOVERNANCE, ADMINISTRATIVE OR MANAGEMENT BODIES OF THE ENTITY: COMPOSITION AND FUNCTIONS.<\/h3>\n\n\n\n<p>Annuality 2020 and 2021:&nbsp;<\/p>\n\n\n\n<p>BOARD OF DIRECTORS ARTICLE 7: Powers of the Board of Directors. The Board of Directors, duly constituted, is the supreme body of INFECAR, which it shall represent, taking all the necessary steps and making all the necessary agreements to achieve its purposes, particularly on the following matters: a) The knowledge and resolution of all matters submitted to it by the Executive Committee. b) The examination, approval and settlement of the General Budgets, and, where appropriate, of the Extraordinary Budgets. c) The approval of the Annual Calendar of Activities. d) The approval of the Annual Report of all activities carried out. e) The authorization of Credit Operations and Treasury Operations. f) The approval of Investments in facilities and real estate. g) The approval of service concessions at the Fairgrounds. h) The exercise of actions before any judicial or administrative body, as well as the granting of powers of attorney for such purpose. i) The appointment of Auditors. j) The appointment and dismissal of the General Director, as well as his management personnel. k) The granting of honors and distinctions. Trade Fair Institution of the Canary Islands (INFECAR)<\/p>\n\n\n\n<p>ARTICLE 12: Powers of the Executive Committee. The Executive Committee is the permanent body of INFECAR. It shall plan, administer and control everything related to INFECAR and its activities. It shall carry out all actions delegated to it by the Board of Directors, and all those it considers necessary for the achievement of INFECAR&#8217;s objectives, mainly: 1. 2. The organization and control of all INFECAR services. Instituci\u00f3n Ferial de Canarias (INFECAR) Avenida de la Feria n\u00ba 1, 35012 Las Palmas de Gran Canaria. Tel.: 828 01 02 03. Fax: 928 41 17 10. info@infecar.es www.infecar.es. NIF: Q-3500398-G 3. To program the activities of the Instituci\u00f3n Ferial de Canarias, in the conditions that it considers opportune. 4. To constitute as many commissions as it deems appropriate, establishing their competencies and making the corresponding appointments. 5. To draw up the ordinary and extraordinary general budgets of the Canary Islands Trade Fair Institution, as well as their corresponding liquidations for subsequent approval by the Board of Directors. 6. To propose to the Board of Directors the modification of these Bylaws.<\/p>\n\n\n\n<p>GENERAL DIRECTOR: 1. To execute the resolutions adopted by the different bodies of the Trade Fair Institution. 2. 2. To carry out trade fairs, congresses and events of all kinds related to the purposes of INFECAR in accordance with the guidelines set forth by the Board of Directors and the Executive Committee. To elaborate and develop work plans and their corresponding budgets of income and expenses. To oversee their fulfillment once approved by the Executive Committee and the General Board and to inform them of their results. 4. The Administrative and Technical Direction of the Fair as well as of the totality of the contests and events that are celebrated in the fair framework, holding the leadership of all the services. For this purpose, he\/she shall have the powers necessary for the exercise of his\/her office and the powers expressly granted to him\/her by the Executive Committee. ARTICLE 23. As Secretary General, the General Manager of the Fair shall also act as Secretary of the Board of Directors and of the Executive Committee and of all meetings, commissions, working groups and Organizing Committees held at the Canary Islands Trade Fair Institution.<\/p>\n\n\n\n<h3 class=\"wp-block-heading\">1023 COMPOSITION AND HOLDERS OF THE GOVERNING, MANAGEMENT OR ADMINISTRATIVE BODIES OF THE ENTITY.<\/h3>\n\n\n\n<p>The Board of Directors: Composed of 1 president, two vice presidents, 5 representatives of the Cabildo de Gran Canaria, 3 representatives of the Official Chamber of Commerce, Industry, Services and Navigation of Gran Canaria, 3 representatives of the Confederation of Canary Island Businessmen, 2 representatives of the Government of the Canary Islands of the Council or Councils that have the authority or authorities of the Canary Islands. 3 Representatives of the Canary Confederation of Businessmen.2 Representatives of the Government of the Canary Islands of the Council or Councils that hold the competences in the matter of fair activities,1 Representative of the City Council of Las Palmas de Gran Canaria. 1 Territorial Director of Economy and Commerce of the Ministry of Economy and Treasury.<\/p>\n\n\n\n<p>The Executive Committee: Formed by a president, a vice-president, 3 representatives of the Cabildo de Gran Canaria, 3 representatives of the Official Chamber of Commerce, Industry, Services and Navigation of Gran Canaria, 3 representatives of the Chamber of Commerce, Industry, Services and Navigation of Gran Canaria, and 3 representatives of the Chamber of Commerce, Industry, Services and Navigation of Gran Canaria. Secretary<\/p>\n\n\n\n<h3 class=\"wp-block-heading\"><a href=\"https:\/\/infecar.es\/wp-content\/uploads\/2023\/01\/1023_1_DESIGNACIONES_MIEMBROS_CONSEJO_DIRECTIVO_CABILDO.pdf\">INFECAR BOARD OF DIRECTORS 2020\/2021<\/a><\/h3>\n\n\n\n<p>Chairman of the Board of Directors of INFECAR<\/p>\n\n\n\n<p>Antonio Morales M\u00e9ndez<\/p>\n\n\n\n<p>President of the Cabildo de Gran Canaria<\/p>\n\n\n\n<p>1st Vice-Chairman of the Board of Directors of INFECAR\u00a0<\/p>\n\n\n\n<p>Jos\u00e9 S\u00e1nchez Tinoco<\/p>\n\n\n\n<p>President of the Official Chamber of Commerce, Industry, Services and Navigation of Gran Canaria.<\/p>\n\n\n\n<p>2nd Vice-president of the Board of Directors of INFECAR<\/p>\n\n\n\n<p>Antonio Moraes M\u00e9ndez<\/p>\n\n\n\n<p>Member of the Board of Directors of INFECAR (CABILDO)<\/p>\n\n\n\n<p>Pedro Justo Brito<\/p>\n\n\n\n<p>Councilor of Finance of the Cabildo de Gran Canaria.&nbsp;<\/p>\n\n\n\n<p>Member of the Board of Directors of INFECAR (CABILDO).<\/p>\n\n\n\n<p>Minerva Alonso Santana<\/p>\n\n\n\n<p>Councilor of the Area of Industry, Commerce and Crafts of the Cabildo de Gran Canaria.<\/p>\n\n\n\n<p>Member of the Board of Directors of INFECAR (CABILDO).<\/p>\n\n\n\n<p>Guacimara Medina P\u00e9rez&nbsp;<\/p>\n\n\n\n<p>Councilor of Culture of the Cabildo de Gran Canaria.<\/p>\n\n\n\n<p>Member of the Board of Directors of INFECAR<\/p>\n\n\n\n<p>Miguel \u00c1ngel P\u00e9rez del Pino<\/p>\n\n\n\n<p>Councilor of Public Works, Infrastructure, Transport and Mobility of the Cabildo de Gran Canaria&nbsp;<\/p>\n\n\n\n<p>Cabildo de Gran Canaria<\/p>\n\n\n\n<p>Member of the Board of Directors of INFECAR (CABILDO)<\/p>\n\n\n\n<p>Sara Ram\u00edrez Mesa<\/p>\n\n\n\n<p>Councilor for Equality, Diversity and Transparency of the Cabildo de Gran Canaria.<\/p>\n\n\n\n<p>Member of the Board of Directors of INFECAR (Representative of Economic Institutions related to the promotion of foreign and domestic trade, appointed by the Cabildo).<\/p>\n\n\n\n<p>Jos\u00e9 Segura Clavell<\/p>\n\n\n\n<p>General Manager of CASA AFRICA<\/p>\n\n\n\n<p>Member of the Board of Directors of INFECAR (Representative of Economic Institutions related to the promotion of foreign and domestic trade, appointed by the Cabildo).<\/p>\n\n\n\n<p>Ra\u00fal Garcia Brink&nbsp;<\/p>\n\n\n\n<p>Manager of the Society for the Economic Promotion of Gran Canaria (SPEGC).<\/p>\n\n\n\n<p>Member of the Board of Directors of INFECAR (Representative of Economic Institutions related to the promotion of foreign and domestic trade, appointed by the Cabildo).<\/p>\n\n\n\n<p>\u00c1lvaro de Castro Su\u00e1rez<\/p>\n\n\n\n<p>President of the Official College of Commercial Agents of Las Palmas<\/p>\n\n\n\n<p>Member of the Board of Directors, INFECAR (CHAMBER OF COMMERCE)<\/p>\n\n\n\n<p>Manuel Nant\u00f3n D\u00edaz<\/p>\n\n\n\n<p>Member of the Board of Directors, INFECAR (CHAMBER OF COMMERCE)<\/p>\n\n\n\n<p>Eugenio S\u00e1nchez S\u00e1nchez<\/p>\n\n\n\n<p>Member of the Board of Directors, INFECAR (CHAMBER OF COMMERCE)<\/p>\n\n\n\n<p>Domingo Santana Vega<\/p>\n\n\n\n<p>Member of the Board of Directors of INFECAR (CONFEDERACI\u00d3N CANARIA DE EMPRESARIOS)<\/p>\n\n\n\n<p>Jos\u00e9 Rexachs del Rosario<\/p>\n\n\n\n<p>Member of the Board of Directors of INFECAR (CONFEDERACI\u00d3N CANARIA DE EMPRESARIOS)<\/p>\n\n\n\n<p>Antonio Mr\u00e1quez L\u00f3pez<\/p>\n\n\n\n<p>Member of the Board of Directors of INFECAR (CONFEDERACI\u00d3N CANARIA DE EMPRESARIOS)<\/p>\n\n\n\n<p>Obdulio Falc\u00f3n Mendoza<\/p>\n\n\n\n<p>Member of the Board of Directors of INFECAR (LAS PALMAS DE GRAN CANARIA TOWNHALL)\u00a0<\/p>\n\n\n\n<p>Jos\u00e9 Eduardo Ram\u00edrez Hermoso<\/p>\n\n\n\n<p>Councilor of the Area of Mobility, Economic Promotion and City of the Sea of the City Council of Las Palmas de Gran Canaria.<\/p>\n\n\n\n<p>Member of the Board of Directors of INFECAR (GOVERNMENT OF THE CANARY ISLANDS)<\/p>\n\n\n\n<p>Justo Artiles S\u00e1nchez<\/p>\n\n\n\n<p>Vice-Minister of Industry, Commerce and Consumption of the Government of the Canary Islands.<\/p>\n\n\n\n<p>Member of the Board of Directors of INFECAR (GOVERNMENT OF THE CANARY ISLANDS)<\/p>\n\n\n\n<p>David Mille Pomposo<\/p>\n\n\n\n<p>General Director of Trade and Consumer Affairs of the Government of the Canary Islands.<\/p>\n\n\n\n<p>Member of the Board of Directors of INFECAR (Territorial Director of Economy and Commerce of the Ministry of Economy and Finance, in Las Palmas, in accordance with the needs of coordination of competences).<\/p>\n\n\n\n<p>Loreto Taborga Curto<\/p>\n\n\n\n<p>Territorial Director of Trade and ICEX Delegate in Las Palmas\u00a0<\/p>\n\n\n\n<h3 class=\"wp-block-heading\">EXECUTIVE COMMITTEE<\/h3>\n\n\n\n<p>Annuality 2020 and 2021:\u00a0<\/p>\n\n\n\n<figure class=\"wp-block-table is-style-stripes\"><table><tbody><tr><td>CHAIRMAN of the Executive Committee.<\/td><td>Raul Garc\u00eda Brink (Presidente Accidental)<\/td><td>Antonio Morales M\u00e9ndez (presidente Accidental)<\/td><td>Raul Garc\u00eda Brink<\/td><\/tr><tr><td>VICE CHAIRMAN of the Executive Committee.<\/td><td>Raul Garc\u00eda Brink<\/td><td>Antonio Morales M\u00e9ndez<\/td><td>Antonio Morales M\u00e9ndez<\/td><\/tr><tr><td>VOCAL representing the Cabildo de Gran Canaria.<\/td><td>Minerva Alonso Santana<\/td><td>Minerva Alonso Santana<\/td><td>Minerva Alonso Santana<\/td><\/tr><tr><td>VOCAL representing the Cabildo de Gran Canaria.<\/td><td>Juan Fco. Trujillo Marrero<\/td><td>Juan Fco. Trujillo Marrero<\/td><td>Guacimara Medina P\u00e9rez<\/td><\/tr><tr><td>VOCAL representing the Cabildo de Gran Canaria.<\/td><td>Gilberto D\u00edaz Jimenez<\/td><td>Gilberto D\u00edaz Jimenez<\/td><td>Sara Ram\u00edrez Mesa<\/td><\/tr><tr><td>VOCAL representing the Official Chamber of Commerce, Industry, Services and Navigation of Gran Canaria.<\/td><td>Jos\u00e9 S\u00e1nchez Tinoco<\/td><td>Jos\u00e9 S\u00e1nchez Tinoco<\/td><td>Jos\u00e9 S\u00e1nchez Tinoco<\/td><\/tr><tr><td>VOCAL representing the Official Chamber of Commerce, Industry, Services and Navigation of Gran Canaria.<\/td><td>Eugenio S\u00e1nchez S\u00e1nchez<\/td><td>Eugenio S\u00e1nchez S\u00e1nchez<\/td><td>Eugenio S\u00e1nchez S\u00e1nchez<\/td><\/tr><tr><td>VOCAL representing the Official Chamber of Commerce, Industry, Services and Navigation of Gran Canaria.<\/td><td>Manuel Nant\u00f3n D\u00edaz<\/td><td>Manuel Nant\u00f3n D\u00edaz<\/td><td>Manuel Nant\u00f3n D\u00edaz<\/td><\/tr><tr><td>VOCAL representing the Confederaci\u00f3n Canaria de Empresarios.<\/td><td>Jos\u00e9 Rexachs del Rosario<\/td><td>Jos\u00e9 Rexachs del Rosario<\/td><td>Jos\u00e9 Rexachs del Rosario<\/td><\/tr><tr><td>VOCAL representing the Confederaci\u00f3n Canaria de Empresarios.<\/td><td>Obdulio Falc\u00f3n Mendoza<\/td><td>Obdulio Falc\u00f3n Mendoza<\/td><td>Obdulio Falc\u00f3n Mendoza<\/td><\/tr><tr><td>VOCAL representing the Confederaci\u00f3n Canaria de Empresarios.<\/td><td>Belkis Su\u00e1rez Dominguez<\/td><td>Belkis Su\u00e1rez Dominguez<\/td><td>Antonio M\u00e1rquez L\u00f3pez<\/td><\/tr><\/tbody><\/table><\/figure>\n\n\n\n<h3 class=\"wp-block-heading\">1024 IDENTIFICATION OF THE PERSONS RESPONSIBLE FOR EACH ORGAN<\/h3>\n\n\n\n<p>Administrative Units\u00a0<\/p>\n\n\n\n<p>Annuality 2020 and 2021:\u00a0<\/p>\n\n\n\n<figure class=\"wp-block-table is-style-stripes\"><table><tbody><tr><td>ADMINISTRATIVE UNITS\u00a0<\/td><td>RESPONSIBLE<\/td><td>FUNCTIONS<\/td><\/tr><tr><td>GENERAL MANAGEMENT\u00a0<\/td><td>NATALIA SANTANA HERN\u00c1NDEZ<\/td><td>Accidental General Management<\/td><\/tr><tr><td>PROJECTS<\/td><td>RAFAEL SU\u00c1REZ D\u00c9NIZ<\/td><td>Elaboration of projects for fairs and events to be developed by the Institution.<\/td><\/tr><tr><td>CONGRESS PALACE<\/td><td>MONICA GOMEZ RUIZ<\/td><td>Development and Management of events held at Congress Palace<\/td><\/tr><tr><td>TRADE FAIRS<\/td><td>VACANCY<\/td><td>Development and Management of trade fairs organized by Infecar<\/td><\/tr><tr><td>LEGAL SERVICES<\/td><td>GONZALO DELGADO PARRADO<\/td><td>Legal Services<\/td><\/tr><tr><td>ADMINISTRATION<\/td><td>MANUEL MORA LOURIDO<\/td><td>Administration tasks at the fairgrounds<\/td><\/tr><tr><td>MAINTENANCE AND SAFETY<\/td><td>JUAN NAVARRO LUJ\u00c1N<\/td><td>Maintenance and security tasks at the Fairgrounds<\/td><\/tr><\/tbody><\/table><\/figure>\n\n\n\n<h3 class=\"wp-block-heading\">1025 PROFILE AND PROFESSIONAL BACKGROUND OF THE PERSONS IN CHARGE OF EACH ORGAN.<\/h3>\n\n\n\n<p>Annuality 2020 and 2021:<\/p>\n\n\n\n<ul class=\"wp-block-list\">\n<li>Name: Natalia Santana Hern\u00e1ndez\u00a0<\/li>\n\n\n\n<li>Management position: Accidental General Manager\u00a0<\/li>\n\n\n\n<li><a href=\"Qualification: Degree in Translation and Interpreting\">Titulaci\u00f3n: Licenciada en Traducci\u00f3n e Interpretaci\u00f3n<\/a><\/li>\n\n\n\n<li>Career path:\n<ul class=\"wp-block-list\">\n<li>1998-2003 Events Coordinator at Elipse, Event Management<\/li>\n\n\n\n<li>2003-2007 Office Manager at Elipse, Event Management.<\/li>\n\n\n\n<li>2007-2015 Technical Director of Fairs and Events at INFECAR<\/li>\n\n\n\n<li>2015-2020 Executive Director of Trade Shows at INFECAR<\/li>\n<\/ul>\n<\/li>\n\n\n\n<li><a href=\"https:\/\/infecar.es\/wp-content\/uploads\/2023\/01\/1025-identificacion-personal-directivo-Infecar-1.pdf\">Job description sheet<\/a><\/li>\n<\/ul>\n\n\n\n<h3 class=\"wp-block-heading\">1029 &#8211; CAPITAL STOCK, ENDOWMENT OR PARTICIPATION AND RESOURCES THAT FINANCE ITS ACTIVITIES.<\/h3>\n\n\n\n<p>Annuality 2020 and 2021:<\/p>\n\n\n\n<ul class=\"wp-block-list\">\n<li><a href=\"https:\/\/infecar.es\/wp-content\/uploads\/2023\/01\/1031_Estatutos_actuales_en_vigor.pdf\">Download capital stock<\/a><\/li>\n<\/ul>\n\n\n\n<h3 class=\"wp-block-heading\">1030 &#8211; AGREEMENTS PROVIDING FOR THE CREATION, MODIFICATION, PARTICIPATION OR TERMINATION OF THE ENTITY AND, IF APPLICABLE, THE OFFICIAL GAZETTE IN WHICH THEY ARE PUBLISHED.<\/h3>\n\n\n\n<p>Annuality 2020 and 2021:\u00a0<\/p>\n\n\n\n<p>The Bylaws of the Instituci\u00f3n Ferial de Canarias, approved by the Board of Directors on November 24, 2015, provide for the creation, modification, participation or extinction of the entity. Regarding the extinction, its Article 26 states:\u00a0ARTICLE 26: Dissolution and extinction of INFECAR.<\/p>\n\n\n\n<p>The Cabildo de Gran Canaria may propose at any time to the Board of Directors the dissolution and extinction of INFECAR, who must accept the proposal. Once the dissolution and extinction of INFECAR has been agreed upon, its assets shall be placed at the disposal of the Cabildo de Gran Canaria.<\/p>\n\n\n\n<h3 class=\"wp-block-heading\">1031 &#8211; BYLAWS GOVERNING THE ENTITY AND AMENDMENTS THERETO.<\/h3>\n\n\n\n<p>Annuality 2020 and 2021:\u00a0<\/p>\n\n\n\n<ul class=\"wp-block-list\">\n<li><a href=\"https:\/\/infecar.es\/wp-content\/uploads\/2023\/01\/1031_Estatutos_actuales_en_vigor.pdf\">Current bylaws in force<\/a><\/li>\n<\/ul>\n\n\n\n<p>Download open format:<\/p>\n\n\n\n<ul class=\"wp-block-list\">\n<li><a href=\"https:\/\/infecar.es\/wp-content\/uploads\/2023\/01\/Organizativa_v21-3.odt\">organizational download<\/a><\/li>\n\n\n\n<li><a href=\"https:\/\/infecar.es\/wp-content\/uploads\/2023\/01\/1021_Actualizado_Organos_de_gobierno_de_direccion_o_de_administracion_21-3.ods\">download governing bodies<\/a><\/li>\n\n\n\n<li><a href=\"https:\/\/infecar.es\/wp-content\/uploads\/2023\/01\/1023_actualizado__miembros_del_consejo_directivo_y_comite_ejecutivo__2019-2021-1_vf-2.ods\">download board members\u00a0<\/a><\/li>\n\n\n\n<li><a href=\"https:\/\/infecar.es\/wp-content\/uploads\/2023\/01\/1023_Actualizado_Composicion_organos_de_gobiern_21-2.ods\">download composition of governing bodies<\/a><\/li>\n\n\n\n<li><a href=\"https:\/\/infecar.es\/wp-content\/uploads\/2023\/01\/1024_Unidades_administrativas-Responsable_y_funciones_21-4.ods\">download administrative units<\/a><\/li>\n<\/ul>\n\n\n\n<p><\/p>\n","protected":false},"excerpt":{"rendered":"<p>This section contains generic information about the company, providing the public with information about its structure and size. 1018 ORGANIZATION CHART OF THE ENTITY. Annuality 2020 and 2021: *Download pdf 1021 GOVERNANCE, ADMINISTRATIVE OR MANAGEMENT BODIES OF THE ENTITY: COMPOSITION AND FUNCTIONS. Annuality 2020 and 2021:&nbsp; BOARD OF DIRECTORS ARTICLE 7: Powers of the Board [&hellip;]<\/p>\n","protected":false},"author":1,"featured_media":0,"parent":5739,"menu_order":2,"comment_status":"closed","ping_status":"closed","template":"","meta":{"_acf_changed":false,"om_disable_all_campaigns":false,"_monsterinsights_skip_tracking":false,"_monsterinsights_sitenote_active":false,"_monsterinsights_sitenote_note":"","_monsterinsights_sitenote_category":0,"_uf_show_specific_survey":0,"_uf_disable_surveys":false,"_joinchat":[],"footnotes":""},"class_list":["post-6809","page","type-page","status-publish","hentry"],"acf":false,"aioseo_notices":[],"yoast_head":"<!-- This site is optimized with the Yoast SEO plugin v26.7 - https:\/\/yoast.com\/wordpress\/plugins\/seo\/ -->\n<title>ORGANIZATIONAL - Infecar<\/title>\n<meta name=\"robots\" content=\"index, follow, max-snippet:-1, max-image-preview:large, max-video-preview:-1\" \/>\n<link rel=\"canonical\" href=\"https:\/\/infecar.es\/en\/transparency\/organizational\/\" \/>\n<meta property=\"og:locale\" content=\"en_US\" \/>\n<meta property=\"og:type\" content=\"article\" \/>\n<meta property=\"og:title\" content=\"ORGANIZATIONAL - Infecar\" \/>\n<meta property=\"og:description\" content=\"This section contains generic information about the company, providing the public with information about its structure and size. 1018 ORGANIZATION CHART OF THE ENTITY. Annuality 2020 and 2021: *Download pdf 1021 GOVERNANCE, ADMINISTRATIVE OR MANAGEMENT BODIES OF THE ENTITY: COMPOSITION AND FUNCTIONS. Annuality 2020 and 2021:&nbsp; BOARD OF DIRECTORS ARTICLE 7: Powers of the Board [&hellip;]\" \/>\n<meta property=\"og:url\" content=\"https:\/\/infecar.es\/en\/transparency\/organizational\/\" \/>\n<meta property=\"og:site_name\" content=\"Infecar\" \/>\n<meta property=\"article:modified_time\" content=\"2023-01-30T14:58:04+00:00\" \/>\n<meta name=\"twitter:card\" content=\"summary_large_image\" \/>\n<meta name=\"twitter:label1\" content=\"Est. reading time\" \/>\n\t<meta name=\"twitter:data1\" content=\"9 minutes\" \/>\n<script type=\"application\/ld+json\" class=\"yoast-schema-graph\">{\"@context\":\"https:\/\/schema.org\",\"@graph\":[{\"@type\":\"WebPage\",\"@id\":\"https:\/\/infecar.es\/en\/transparency\/organizational\/\",\"url\":\"https:\/\/infecar.es\/en\/transparency\/organizational\/\",\"name\":\"ORGANIZATIONAL - Infecar\",\"isPartOf\":{\"@id\":\"http:\/\/infecar.es\/#website\"},\"datePublished\":\"2023-01-26T15:31:58+00:00\",\"dateModified\":\"2023-01-30T14:58:04+00:00\",\"breadcrumb\":{\"@id\":\"https:\/\/infecar.es\/en\/transparency\/organizational\/#breadcrumb\"},\"inLanguage\":\"en-US\",\"potentialAction\":[{\"@type\":\"ReadAction\",\"target\":[\"https:\/\/infecar.es\/en\/transparency\/organizational\/\"]}]},{\"@type\":\"BreadcrumbList\",\"@id\":\"https:\/\/infecar.es\/en\/transparency\/organizational\/#breadcrumb\",\"itemListElement\":[{\"@type\":\"ListItem\",\"position\":1,\"name\":\"Portada\",\"item\":\"http:\/\/infecar.es\/\"},{\"@type\":\"ListItem\",\"position\":2,\"name\":\"Transparency\",\"item\":\"https:\/\/infecar.es\/en\/transparency\/\"},{\"@type\":\"ListItem\",\"position\":3,\"name\":\"ORGANIZATIONAL\"}]},{\"@type\":\"WebSite\",\"@id\":\"http:\/\/infecar.es\/#website\",\"url\":\"http:\/\/infecar.es\/\",\"name\":\"Infecar\",\"description\":\"Feria de Gran Canaria\",\"publisher\":{\"@id\":\"http:\/\/infecar.es\/#organization\"},\"potentialAction\":[{\"@type\":\"SearchAction\",\"target\":{\"@type\":\"EntryPoint\",\"urlTemplate\":\"http:\/\/infecar.es\/?s={search_term_string}\"},\"query-input\":{\"@type\":\"PropertyValueSpecification\",\"valueRequired\":true,\"valueName\":\"search_term_string\"}}],\"inLanguage\":\"en-US\"},{\"@type\":\"Organization\",\"@id\":\"http:\/\/infecar.es\/#organization\",\"name\":\"Infecar\",\"url\":\"http:\/\/infecar.es\/\",\"logo\":{\"@type\":\"ImageObject\",\"inLanguage\":\"en-US\",\"@id\":\"http:\/\/infecar.es\/#\/schema\/logo\/image\/\",\"url\":\"https:\/\/infecar.es\/wp-content\/uploads\/2023\/02\/logo_black.svg\",\"contentUrl\":\"https:\/\/infecar.es\/wp-content\/uploads\/2023\/02\/logo_black.svg\",\"width\":1,\"height\":1,\"caption\":\"Infecar\"},\"image\":{\"@id\":\"http:\/\/infecar.es\/#\/schema\/logo\/image\/\"}}]}<\/script>\n<!-- \/ Yoast SEO plugin. -->","yoast_head_json":{"title":"ORGANIZATIONAL - Infecar","robots":{"index":"index","follow":"follow","max-snippet":"max-snippet:-1","max-image-preview":"max-image-preview:large","max-video-preview":"max-video-preview:-1"},"canonical":"https:\/\/infecar.es\/en\/transparency\/organizational\/","og_locale":"en_US","og_type":"article","og_title":"ORGANIZATIONAL - Infecar","og_description":"This section contains generic information about the company, providing the public with information about its structure and size. 1018 ORGANIZATION CHART OF THE ENTITY. Annuality 2020 and 2021: *Download pdf 1021 GOVERNANCE, ADMINISTRATIVE OR MANAGEMENT BODIES OF THE ENTITY: COMPOSITION AND FUNCTIONS. Annuality 2020 and 2021:&nbsp; BOARD OF DIRECTORS ARTICLE 7: Powers of the Board [&hellip;]","og_url":"https:\/\/infecar.es\/en\/transparency\/organizational\/","og_site_name":"Infecar","article_modified_time":"2023-01-30T14:58:04+00:00","twitter_card":"summary_large_image","twitter_misc":{"Est. reading time":"9 minutes"},"schema":{"@context":"https:\/\/schema.org","@graph":[{"@type":"WebPage","@id":"https:\/\/infecar.es\/en\/transparency\/organizational\/","url":"https:\/\/infecar.es\/en\/transparency\/organizational\/","name":"ORGANIZATIONAL - Infecar","isPartOf":{"@id":"http:\/\/infecar.es\/#website"},"datePublished":"2023-01-26T15:31:58+00:00","dateModified":"2023-01-30T14:58:04+00:00","breadcrumb":{"@id":"https:\/\/infecar.es\/en\/transparency\/organizational\/#breadcrumb"},"inLanguage":"en-US","potentialAction":[{"@type":"ReadAction","target":["https:\/\/infecar.es\/en\/transparency\/organizational\/"]}]},{"@type":"BreadcrumbList","@id":"https:\/\/infecar.es\/en\/transparency\/organizational\/#breadcrumb","itemListElement":[{"@type":"ListItem","position":1,"name":"Portada","item":"http:\/\/infecar.es\/"},{"@type":"ListItem","position":2,"name":"Transparency","item":"https:\/\/infecar.es\/en\/transparency\/"},{"@type":"ListItem","position":3,"name":"ORGANIZATIONAL"}]},{"@type":"WebSite","@id":"http:\/\/infecar.es\/#website","url":"http:\/\/infecar.es\/","name":"Infecar","description":"Feria de Gran Canaria","publisher":{"@id":"http:\/\/infecar.es\/#organization"},"potentialAction":[{"@type":"SearchAction","target":{"@type":"EntryPoint","urlTemplate":"http:\/\/infecar.es\/?s={search_term_string}"},"query-input":{"@type":"PropertyValueSpecification","valueRequired":true,"valueName":"search_term_string"}}],"inLanguage":"en-US"},{"@type":"Organization","@id":"http:\/\/infecar.es\/#organization","name":"Infecar","url":"http:\/\/infecar.es\/","logo":{"@type":"ImageObject","inLanguage":"en-US","@id":"http:\/\/infecar.es\/#\/schema\/logo\/image\/","url":"https:\/\/infecar.es\/wp-content\/uploads\/2023\/02\/logo_black.svg","contentUrl":"https:\/\/infecar.es\/wp-content\/uploads\/2023\/02\/logo_black.svg","width":1,"height":1,"caption":"Infecar"},"image":{"@id":"http:\/\/infecar.es\/#\/schema\/logo\/image\/"}}]}},"_links":{"self":[{"href":"https:\/\/infecar.es\/en\/wp-json\/wp\/v2\/pages\/6809","targetHints":{"allow":["GET"]}}],"collection":[{"href":"https:\/\/infecar.es\/en\/wp-json\/wp\/v2\/pages"}],"about":[{"href":"https:\/\/infecar.es\/en\/wp-json\/wp\/v2\/types\/page"}],"author":[{"embeddable":true,"href":"https:\/\/infecar.es\/en\/wp-json\/wp\/v2\/users\/1"}],"replies":[{"embeddable":true,"href":"https:\/\/infecar.es\/en\/wp-json\/wp\/v2\/comments?post=6809"}],"version-history":[{"count":1,"href":"https:\/\/infecar.es\/en\/wp-json\/wp\/v2\/pages\/6809\/revisions"}],"predecessor-version":[{"id":6810,"href":"https:\/\/infecar.es\/en\/wp-json\/wp\/v2\/pages\/6809\/revisions\/6810"}],"up":[{"embeddable":true,"href":"https:\/\/infecar.es\/en\/wp-json\/wp\/v2\/pages\/5739"}],"wp:attachment":[{"href":"https:\/\/infecar.es\/en\/wp-json\/wp\/v2\/media?parent=6809"}],"curies":[{"name":"wp","href":"https:\/\/api.w.org\/{rel}","templated":true}]}}