

{"id":13817,"date":"2026-03-09T08:58:40","date_gmt":"2026-03-09T08:58:40","guid":{"rendered":"https:\/\/infecar.es\/?page_id=13817"},"modified":"2026-03-13T17:34:52","modified_gmt":"2026-03-13T17:34:52","slug":"60-aniversario","status":"publish","type":"page","link":"http:\/\/infecar.es\/en\/60-aniversario\/","title":{"rendered":"Tus recuerdos son nuestra historia"},"content":{"rendered":"\n<p class=\"has-medium-font-size\">Desde aquella primera feria que visitaste de ni\u00f1o de la mano de tus abuelos, hasta ese contrato que cambi\u00f3 tu negocio en uno de nuestros pabellones. En estos 60 a\u00f1os, Infecar ha sido el escenario, pero los protagonistas siempre han sido ustedes.<\/p>\n\n\n\n<p class=\"has-medium-font-size\">Queremos celebrar nuestro aniversario reconstruyendo nuestra historia a trav\u00e9s de tus ojos. Desempolva tus \u00e1lbumes, busca en tu carrete y comparte con nosotros esa foto que capture tu paso por el recinto.<\/p>\n\n\n\n<p class=\"has-medium-font-size\">Ay\u00fadanos a completar el \u00e1lbum de estos 60 a\u00f1os de historia.<\/p>\n\n\n\n<div class=\"wp-block-group historic-block has-black-background-color has-background is-vertical is-layout-flex wp-container-core-group-is-layout-8cf370e7 wp-block-group-is-layout-flex\">\n<div style=\"height:0px\" aria-hidden=\"true\" class=\"wp-block-spacer wp-container-content-b0b89ccb\"><\/div>\n\n\n\n<div class=\"wp-block-columns is-layout-flex wp-container-core-columns-is-layout-9d6595d7 wp-block-columns-is-layout-flex\">\n<div class=\"wp-block-column is-layout-flow wp-block-column-is-layout-flow\" style=\"flex-basis:2px\"><\/div>\n\n\n\n<div class=\"wp-block-column is-layout-flow wp-block-column-is-layout-flow\"><div class=\"wp-block-image\">\n<figure class=\"aligncenter size-large is-resized\"><img loading=\"lazy\" decoding=\"async\" width=\"600\" height=\"447\" src=\"https:\/\/infecar.es\/wp-content\/uploads\/2026\/03\/1-600x447.jpg\" alt=\"\" class=\"wp-image-13852\" style=\"object-fit:cover;width:440px;height:350px\" srcset=\"http:\/\/infecar.es\/wp-content\/uploads\/2026\/03\/1-600x447.jpg 600w, http:\/\/infecar.es\/wp-content\/uploads\/2026\/03\/1-300x224.jpg 300w, http:\/\/infecar.es\/wp-content\/uploads\/2026\/03\/1-768x572.jpg 768w, http:\/\/infecar.es\/wp-content\/uploads\/2026\/03\/1-1536x1144.jpg 1536w, http:\/\/infecar.es\/wp-content\/uploads\/2026\/03\/1.jpg 1600w\" sizes=\"auto, (max-width: 600px) 100vw, 600px\" \/><\/figure>\n<\/div><\/div>\n\n\n\n<div class=\"wp-block-column is-layout-flow wp-block-column-is-layout-flow\"><div class=\"wp-block-image\">\n<figure class=\"aligncenter size-large is-resized\"><img loading=\"lazy\" decoding=\"async\" width=\"600\" height=\"390\" src=\"https:\/\/infecar.es\/wp-content\/uploads\/2026\/03\/2-600x390.jpg\" alt=\"\" class=\"wp-image-13854\" style=\"object-fit:cover;width:440px;height:350px\" srcset=\"http:\/\/infecar.es\/wp-content\/uploads\/2026\/03\/2-600x390.jpg 600w, http:\/\/infecar.es\/wp-content\/uploads\/2026\/03\/2-300x195.jpg 300w, http:\/\/infecar.es\/wp-content\/uploads\/2026\/03\/2-768x499.jpg 768w, http:\/\/infecar.es\/wp-content\/uploads\/2026\/03\/2-1536x999.jpg 1536w, http:\/\/infecar.es\/wp-content\/uploads\/2026\/03\/2.jpg 1633w\" sizes=\"auto, (max-width: 600px) 100vw, 600px\" \/><\/figure>\n<\/div><\/div>\n\n\n\n<div class=\"wp-block-column is-layout-flow wp-block-column-is-layout-flow\"><div class=\"wp-block-image\">\n<figure class=\"aligncenter size-large is-resized\"><img loading=\"lazy\" decoding=\"async\" width=\"600\" height=\"442\" src=\"https:\/\/infecar.es\/wp-content\/uploads\/2026\/03\/3-600x442.jpg\" alt=\"\" class=\"wp-image-13856\" style=\"object-fit:cover;width:440px;height:350px\" srcset=\"http:\/\/infecar.es\/wp-content\/uploads\/2026\/03\/3-600x442.jpg 600w, http:\/\/infecar.es\/wp-content\/uploads\/2026\/03\/3-300x221.jpg 300w, http:\/\/infecar.es\/wp-content\/uploads\/2026\/03\/3-768x565.jpg 768w, http:\/\/infecar.es\/wp-content\/uploads\/2026\/03\/3.jpg 1380w\" sizes=\"auto, (max-width: 600px) 100vw, 600px\" \/><\/figure>\n<\/div><\/div>\n\n\n\n<div class=\"wp-block-column is-layout-flow wp-block-column-is-layout-flow\" style=\"flex-basis:2px\"><\/div>\n<\/div>\n\n\n\n<div style=\"height:0px\" aria-hidden=\"true\" class=\"wp-block-spacer wp-container-content-b0b89ccb\"><\/div>\n<\/div>\n\n\n\n<div style=\"height:30px\" aria-hidden=\"true\" class=\"wp-block-spacer\"><\/div>\n\n\n\n<div class=\"wp-block-group iframe-aniverssary-block\"><div class=\"wp-block-group__inner-container is-layout-constrained wp-block-group-is-layout-constrained\">\n<h2 class=\"wp-block-heading\">S\u00famate a los 60 a\u00f1os<\/h2>\n\n\n\n<iframe loading=\"lazy\" class=\"anniversary-form\" style=\"border: none;\" src=\"\/\/marketing.infecar.es\/form\/103\" width=\"100%\" height=\"600\"><\/iframe>\n<\/div><\/div>\n\n\n\n<p><\/p>\n","protected":false},"excerpt":{"rendered":"<p>Desde aquella primera feria que visitaste de ni\u00f1o de la mano de tus abuelos, hasta ese contrato que cambi\u00f3 tu negocio en uno de nuestros pabellones. En estos 60 a\u00f1os, Infecar ha sido el escenario, pero los protagonistas siempre han sido ustedes. Queremos celebrar nuestro aniversario reconstruyendo nuestra historia a trav\u00e9s de tus ojos. Desempolva [&hellip;]<\/p>\n","protected":false},"author":3,"featured_media":0,"parent":0,"menu_order":0,"comment_status":"closed","ping_status":"closed","template":"page-templates\/page-anniversary.php","meta":{"_acf_changed":false,"om_disable_all_campaigns":false,"_monsterinsights_skip_tracking":false,"_monsterinsights_sitenote_active":false,"_monsterinsights_sitenote_note":"","_monsterinsights_sitenote_category":0,"_uf_show_specific_survey":0,"_uf_disable_surveys":false,"_joinchat":[],"footnotes":""},"class_list":["post-13817","page","type-page","status-publish","hentry"],"acf":{"slider_container":{"slider_tab_es":null,"slider_items_es":[{"slider_media_item":{"ID":13944,"id":13944,"title":"infecar_60a_2560x678_1","filename":"infecar_60a_2560x678_1-scaled.jpg","filesize":325959,"url":"http:\/\/infecar.es\/wp-content\/uploads\/2026\/03\/infecar_60a_2560x678_1-scaled.jpg","link":"http:\/\/infecar.es\/en\/60-aniversario\/infecar_60a_2560x678_1\/","alt":"","author":"3","description":"","caption":"","name":"infecar_60a_2560x678_1","status":"inherit","uploaded_to":13817,"date":"2026-03-13 16:20:39","modified":"2026-03-13 16:20:39","menu_order":0,"mime_type":"image\/jpeg","type":"image","subtype":"jpeg","icon":"http:\/\/infecar.es\/wp-includes\/images\/media\/default.png","width":2560,"height":678,"sizes":{"thumbnail":"http:\/\/infecar.es\/wp-content\/uploads\/2026\/03\/infecar_60a_2560x678_1-150x150.jpg","thumbnail-width":150,"thumbnail-height":150,"medium":"http:\/\/infecar.es\/wp-content\/uploads\/2026\/03\/infecar_60a_2560x678_1-300x79.jpg","medium-width":300,"medium-height":79,"medium_large":"http:\/\/infecar.es\/wp-content\/uploads\/2026\/03\/infecar_60a_2560x678_1-768x203.jpg","medium_large-width":640,"medium_large-height":169,"large":"http:\/\/infecar.es\/wp-content\/uploads\/2026\/03\/infecar_60a_2560x678_1-600x159.jpg","large-width":600,"large-height":159,"1536x1536":"http:\/\/infecar.es\/wp-content\/uploads\/2026\/03\/infecar_60a_2560x678_1-1536x407.jpg","1536x1536-width":1536,"1536x1536-height":407,"2048x2048":"http:\/\/infecar.es\/wp-content\/uploads\/2026\/03\/infecar_60a_2560x678_1-2048x542.jpg","2048x2048-width":2048,"2048x2048-height":542}},"slider_title":" ","slider_description":" ","slider_button_text":" ","slider_button_link":""},{"slider_media_item":{"ID":13946,"id":13946,"title":"infecar_60a_2560x678_2","filename":"infecar_60a_2560x678_2-scaled.jpg","filesize":285085,"url":"http:\/\/infecar.es\/wp-content\/uploads\/2026\/03\/infecar_60a_2560x678_2-scaled.jpg","link":"http:\/\/infecar.es\/en\/60-aniversario\/infecar_60a_2560x678_2\/","alt":"","author":"3","description":"","caption":"","name":"infecar_60a_2560x678_2","status":"inherit","uploaded_to":13817,"date":"2026-03-13 16:20:43","modified":"2026-03-13 16:20:43","menu_order":0,"mime_type":"image\/jpeg","type":"image","subtype":"jpeg","icon":"http:\/\/infecar.es\/wp-includes\/images\/media\/default.png","width":2560,"height":678,"sizes":{"thumbnail":"http:\/\/infecar.es\/wp-content\/uploads\/2026\/03\/infecar_60a_2560x678_2-150x150.jpg","thumbnail-width":150,"thumbnail-height":150,"medium":"http:\/\/infecar.es\/wp-content\/uploads\/2026\/03\/infecar_60a_2560x678_2-300x79.jpg","medium-width":300,"medium-height":79,"medium_large":"http:\/\/infecar.es\/wp-content\/uploads\/2026\/03\/infecar_60a_2560x678_2-768x203.jpg","medium_large-width":640,"medium_large-height":169,"large":"http:\/\/infecar.es\/wp-content\/uploads\/2026\/03\/infecar_60a_2560x678_2-600x159.jpg","large-width":600,"large-height":159,"1536x1536":"http:\/\/infecar.es\/wp-content\/uploads\/2026\/03\/infecar_60a_2560x678_2-1536x407.jpg","1536x1536-width":1536,"1536x1536-height":407,"2048x2048":"http:\/\/infecar.es\/wp-content\/uploads\/2026\/03\/infecar_60a_2560x678_2-2048x542.jpg","2048x2048-width":2048,"2048x2048-height":542}},"slider_title":"","slider_description":"","slider_button_text":"","slider_button_link":""}],"slider_tab_en":null,"slider_items_en":[{"slider_media_item":false,"slider_title":"","slider_description":"","slider_button_text":"","slider_button_link":""}]}},"aioseo_notices":[],"yoast_head":"<!-- This site is optimized with the Yoast SEO plugin v26.7 - https:\/\/yoast.com\/wordpress\/plugins\/seo\/ -->\n<title>Tus recuerdos son nuestra historia - Infecar<\/title>\n<meta name=\"description\" content=\"Desde aquella primera feria que visitaste de ni\u00f1o de la mano de tus abuelos, hasta ese contrato que cambi\u00f3 tu negocio.\" \/>\n<meta name=\"robots\" content=\"index, follow, max-snippet:-1, max-image-preview:large, max-video-preview:-1\" \/>\n<link rel=\"canonical\" href=\"https:\/\/infecar.es\/60-aniversario\/\" \/>\n<meta property=\"og:locale\" content=\"en_US\" \/>\n<meta property=\"og:type\" content=\"article\" \/>\n<meta property=\"og:title\" content=\"Tus recuerdos son nuestra historia - Infecar\" \/>\n<meta property=\"og:description\" content=\"Desde aquella primera feria que visitaste de ni\u00f1o de la mano de tus abuelos, hasta ese contrato que cambi\u00f3 tu negocio.\" \/>\n<meta property=\"og:url\" content=\"https:\/\/infecar.es\/60-aniversario\/\" \/>\n<meta property=\"og:site_name\" content=\"Infecar\" \/>\n<meta property=\"article:modified_time\" content=\"2026-03-13T17:34:52+00:00\" \/>\n<meta property=\"og:image\" content=\"https:\/\/infecar.es\/wp-content\/uploads\/2026\/03\/1-600x447.jpg\" \/>\n<meta name=\"twitter:card\" content=\"summary_large_image\" \/>\n<meta name=\"twitter:label1\" content=\"Est. reading time\" \/>\n\t<meta name=\"twitter:data1\" content=\"2 minutes\" \/>\n<script type=\"application\/ld+json\" class=\"yoast-schema-graph\">{\"@context\":\"https:\/\/schema.org\",\"@graph\":[{\"@type\":\"WebPage\",\"@id\":\"https:\/\/infecar.es\/60-aniversario\/\",\"url\":\"https:\/\/infecar.es\/60-aniversario\/\",\"name\":\"Tus recuerdos son nuestra historia - Infecar\",\"isPartOf\":{\"@id\":\"https:\/\/infecar.es\/#website\"},\"primaryImageOfPage\":{\"@id\":\"https:\/\/infecar.es\/60-aniversario\/#primaryimage\"},\"image\":{\"@id\":\"https:\/\/infecar.es\/60-aniversario\/#primaryimage\"},\"thumbnailUrl\":\"https:\/\/infecar.es\/wp-content\/uploads\/2026\/03\/1-600x447.jpg\",\"datePublished\":\"2026-03-09T08:58:40+00:00\",\"dateModified\":\"2026-03-13T17:34:52+00:00\",\"description\":\"Desde aquella primera feria que visitaste de ni\u00f1o de la mano de tus abuelos, hasta ese contrato que cambi\u00f3 tu negocio.\",\"breadcrumb\":{\"@id\":\"https:\/\/infecar.es\/60-aniversario\/#breadcrumb\"},\"inLanguage\":\"en-US\",\"potentialAction\":[{\"@type\":\"ReadAction\",\"target\":[\"https:\/\/infecar.es\/60-aniversario\/\"]}]},{\"@type\":\"ImageObject\",\"inLanguage\":\"en-US\",\"@id\":\"https:\/\/infecar.es\/60-aniversario\/#primaryimage\",\"url\":\"https:\/\/infecar.es\/wp-content\/uploads\/2026\/03\/1-600x447.jpg\",\"contentUrl\":\"https:\/\/infecar.es\/wp-content\/uploads\/2026\/03\/1-600x447.jpg\"},{\"@type\":\"BreadcrumbList\",\"@id\":\"https:\/\/infecar.es\/60-aniversario\/#breadcrumb\",\"itemListElement\":[{\"@type\":\"ListItem\",\"position\":1,\"name\":\"Portada\",\"item\":\"https:\/\/infecar.es\/\"},{\"@type\":\"ListItem\",\"position\":2,\"name\":\"Tus recuerdos son nuestra historia\"}]},{\"@type\":\"WebSite\",\"@id\":\"https:\/\/infecar.es\/#website\",\"url\":\"https:\/\/infecar.es\/\",\"name\":\"Infecar\",\"description\":\"Feria de Gran Canaria\",\"publisher\":{\"@id\":\"https:\/\/infecar.es\/#organization\"},\"potentialAction\":[{\"@type\":\"SearchAction\",\"target\":{\"@type\":\"EntryPoint\",\"urlTemplate\":\"https:\/\/infecar.es\/?s={search_term_string}\"},\"query-input\":{\"@type\":\"PropertyValueSpecification\",\"valueRequired\":true,\"valueName\":\"search_term_string\"}}],\"inLanguage\":\"en-US\"},{\"@type\":\"Organization\",\"@id\":\"https:\/\/infecar.es\/#organization\",\"name\":\"Infecar\",\"url\":\"https:\/\/infecar.es\/\",\"logo\":{\"@type\":\"ImageObject\",\"inLanguage\":\"en-US\",\"@id\":\"https:\/\/infecar.es\/#\/schema\/logo\/image\/\",\"url\":\"https:\/\/infecar.es\/wp-content\/uploads\/2023\/02\/logo_black.svg\",\"contentUrl\":\"https:\/\/infecar.es\/wp-content\/uploads\/2023\/02\/logo_black.svg\",\"width\":1,\"height\":1,\"caption\":\"Infecar\"},\"image\":{\"@id\":\"https:\/\/infecar.es\/#\/schema\/logo\/image\/\"}}]}<\/script>\n<!-- \/ Yoast SEO plugin. -->","yoast_head_json":{"title":"Tus recuerdos son nuestra historia - Infecar","description":"Desde aquella primera feria que visitaste de ni\u00f1o de la mano de tus abuelos, hasta ese contrato que cambi\u00f3 tu negocio.","robots":{"index":"index","follow":"follow","max-snippet":"max-snippet:-1","max-image-preview":"max-image-preview:large","max-video-preview":"max-video-preview:-1"},"canonical":"https:\/\/infecar.es\/60-aniversario\/","og_locale":"en_US","og_type":"article","og_title":"Tus recuerdos son nuestra historia - Infecar","og_description":"Desde aquella primera feria que visitaste de ni\u00f1o de la mano de tus abuelos, hasta ese contrato que cambi\u00f3 tu negocio.","og_url":"https:\/\/infecar.es\/60-aniversario\/","og_site_name":"Infecar","article_modified_time":"2026-03-13T17:34:52+00:00","og_image":[{"url":"https:\/\/infecar.es\/wp-content\/uploads\/2026\/03\/1-600x447.jpg","type":"","width":"","height":""}],"twitter_card":"summary_large_image","twitter_misc":{"Est. reading time":"2 minutes"},"schema":{"@context":"https:\/\/schema.org","@graph":[{"@type":"WebPage","@id":"https:\/\/infecar.es\/60-aniversario\/","url":"https:\/\/infecar.es\/60-aniversario\/","name":"Tus recuerdos son nuestra historia - Infecar","isPartOf":{"@id":"https:\/\/infecar.es\/#website"},"primaryImageOfPage":{"@id":"https:\/\/infecar.es\/60-aniversario\/#primaryimage"},"image":{"@id":"https:\/\/infecar.es\/60-aniversario\/#primaryimage"},"thumbnailUrl":"https:\/\/infecar.es\/wp-content\/uploads\/2026\/03\/1-600x447.jpg","datePublished":"2026-03-09T08:58:40+00:00","dateModified":"2026-03-13T17:34:52+00:00","description":"Desde aquella primera feria que visitaste de ni\u00f1o de la mano de tus abuelos, hasta ese contrato que cambi\u00f3 tu negocio.","breadcrumb":{"@id":"https:\/\/infecar.es\/60-aniversario\/#breadcrumb"},"inLanguage":"en-US","potentialAction":[{"@type":"ReadAction","target":["https:\/\/infecar.es\/60-aniversario\/"]}]},{"@type":"ImageObject","inLanguage":"en-US","@id":"https:\/\/infecar.es\/60-aniversario\/#primaryimage","url":"https:\/\/infecar.es\/wp-content\/uploads\/2026\/03\/1-600x447.jpg","contentUrl":"https:\/\/infecar.es\/wp-content\/uploads\/2026\/03\/1-600x447.jpg"},{"@type":"BreadcrumbList","@id":"https:\/\/infecar.es\/60-aniversario\/#breadcrumb","itemListElement":[{"@type":"ListItem","position":1,"name":"Portada","item":"https:\/\/infecar.es\/"},{"@type":"ListItem","position":2,"name":"Tus recuerdos son nuestra historia"}]},{"@type":"WebSite","@id":"https:\/\/infecar.es\/#website","url":"https:\/\/infecar.es\/","name":"Infecar","description":"Feria de Gran Canaria","publisher":{"@id":"https:\/\/infecar.es\/#organization"},"potentialAction":[{"@type":"SearchAction","target":{"@type":"EntryPoint","urlTemplate":"https:\/\/infecar.es\/?s={search_term_string}"},"query-input":{"@type":"PropertyValueSpecification","valueRequired":true,"valueName":"search_term_string"}}],"inLanguage":"en-US"},{"@type":"Organization","@id":"https:\/\/infecar.es\/#organization","name":"Infecar","url":"https:\/\/infecar.es\/","logo":{"@type":"ImageObject","inLanguage":"en-US","@id":"https:\/\/infecar.es\/#\/schema\/logo\/image\/","url":"https:\/\/infecar.es\/wp-content\/uploads\/2023\/02\/logo_black.svg","contentUrl":"https:\/\/infecar.es\/wp-content\/uploads\/2023\/02\/logo_black.svg","width":1,"height":1,"caption":"Infecar"},"image":{"@id":"https:\/\/infecar.es\/#\/schema\/logo\/image\/"}}]}},"_links":{"self":[{"href":"http:\/\/infecar.es\/en\/wp-json\/wp\/v2\/pages\/13817","targetHints":{"allow":["GET"]}}],"collection":[{"href":"http:\/\/infecar.es\/en\/wp-json\/wp\/v2\/pages"}],"about":[{"href":"http:\/\/infecar.es\/en\/wp-json\/wp\/v2\/types\/page"}],"author":[{"embeddable":true,"href":"http:\/\/infecar.es\/en\/wp-json\/wp\/v2\/users\/3"}],"replies":[{"embeddable":true,"href":"http:\/\/infecar.es\/en\/wp-json\/wp\/v2\/comments?post=13817"}],"version-history":[{"count":33,"href":"http:\/\/infecar.es\/en\/wp-json\/wp\/v2\/pages\/13817\/revisions"}],"predecessor-version":[{"id":13964,"href":"http:\/\/infecar.es\/en\/wp-json\/wp\/v2\/pages\/13817\/revisions\/13964"}],"wp:attachment":[{"href":"http:\/\/infecar.es\/en\/wp-json\/wp\/v2\/media?parent=13817"}],"curies":[{"name":"wp","href":"https:\/\/api.w.org\/{rel}","templated":true}]}}